{"id":7184,"date":"2023-04-11T16:42:56","date_gmt":"2023-04-11T14:42:56","guid":{"rendered":"https:\/\/epilogue-bougie.com\/p\/bougie-parfumee-chai-imperial\/"},"modified":"2023-10-15T01:34:16","modified_gmt":"2023-10-14T23:34:16","slug":"bougie-parfumee-chai-imperial","status":"publish","type":"product","link":"https:\/\/epilogue-bougie.com\/pt-pt\/p\/bougie-parfumee-chai-imperial\/","title":{"rendered":"<span>Vela perfumada<\/span> Cha\u00ef Imp\u00e9rial <span class=\"titre_trad\">(Ch\u00e1 Imperial)<\/span>"},"content":{"rendered":"<section class=\"wpb-content-wrapper\"><p>[vc_row el_id=&#8221;desciption&#8221;][vc_column][vc_tta_accordion style=&#8221;flat&#8221; shape=&#8221;square&#8221; color=&#8221;black&#8221; c_icon=&#8221;chevron&#8221; active_section=&#8221;1&#8243; css=&#8221;.vc_custom_1681080634477{background-color: #0f0f0f !important;}&#8221; el_id=&#8221;menu_desc_fp&#8221;][vc_tta_section title=&#8221;Descri\u00e7\u00e3o&#8221; tab_id=&#8221;1681079222630-92b214d8-4cf1&#8243;][vc_column_text]<span style=\"font-weight: 400;\">A vela &#8220;Cha\u00ef Imperial&#8221; transporta-o ao cora\u00e7\u00e3o da \u00cdndia, onde os aromas cativantes do ch\u00e1 picante se misturam com a atmosfera vibrante e colorida dos seus mercados.<\/span><\/p>\n<p><span style=\"font-weight: 400;\">As notas saborosas e reconfortantes do ch\u00e1 preto e das especiarias criam uma sinfonia olfativa \u00fanica, fiel \u00e0 autenticidade do ch\u00e1 indiano.<\/span>[\/vc_column_text][vc_row_inner][vc_column_inner width=&#8221;1\/2&#8243;][vc_column_text]<\/p>\n<p>Fabricado em Fran\u00e7a<br \/>\nF\u00f3rmula vegan<\/p>\n<p>[\/vc_column_text][\/vc_column_inner][vc_column_inner width=&#8221;1\/2&#8243;][vc_column_text]<\/p>\n<p>Peso de 180g<br \/>\nAprox. 45h de queima<\/p>\n<p>[\/vc_column_text][\/vc_column_inner][\/vc_row_inner][\/vc_tta_section][vc_tta_section title=&#8221;Conselhos de uso&#8221; tab_id=&#8221;1681079222635-6260741b-8dc4&#8243;][vc_column_text]<\/p>\n<p>Na primeira utiliza\u00e7\u00e3o, deixe a sua vela arder durante 2 a 3 horas at\u00e9 que toda a sua superf\u00edcie se torne l\u00edquida, permitindo que a cera derreta de forma harmoniosa e uniforme.<br \/>\nCorte regularmente o pavio (comprimento ideal de 3 a 5mm).<br \/>\nRecomenda-se ventilar o interior ap\u00f3s queimar uma vela.<\/p>\n<p>[\/vc_column_text][\/vc_tta_section][vc_tta_section title=&#8221;Entrega &amp; devolu\u00e7\u00e3o&#8221; tab_id=&#8221;1681120262424-4fc26ea5-6e40&#8243;][vc_column_text]<\/p>\n<p>Entrega (Europe)<br \/>\nEntrega ao domic\u00edlio<br \/>\n&#8211; Entrega na sua casa em 2 dias \u00fateis por 7,90\u20ac<br \/>\n&#8211; Gratuito para pedidos acima de 75\u20ac<br \/>\nDevolu\u00e7\u00e3o<br \/>\nPode devolver um produto num prazo de 30 dias ap\u00f3s a entrega.<br \/>\nPor favor, note que todos os artigos devem ser devolvidos n\u00e3o usados, na sua embalagem original. Se os produtos devolvidos n\u00e3o estiverem em condi\u00e7\u00f5es de serem vendidos, podemos n\u00e3o aceitar a sua devolu\u00e7\u00e3o.<\/p>\n<p>[\/vc_column_text][\/vc_tta_section][\/vc_tta_accordion][\/vc_column][\/vc_row]<\/p>\n<\/section>","protected":false},"excerpt":{"rendered":"<p>A vela &#8220;Cha\u00ef Imperial&#8221; leva-o ao cora\u00e7\u00e3o da \u00cdndia, onde os aromas intoxicantes do ch\u00e1 picante se misturam \u00e0 atmosfera vibrante e colorida dos seus mercados (&#8230;) <a class=\"fp_ensavoir\" href=\"#desciption\">Ler mais<\/a><\/p>\n","protected":false},"featured_media":9205,"comment_status":"closed","ping_status":"closed","template":"","meta":[],"product_cat":[134],"product_tag":[],"class_list":["post-7184","product","type-product","status-publish","has-post-thumbnail","hentry","product_cat-bougie-parfumee-pt-pt"],"yoast_head":"<!-- This site is optimized with the Yoast SEO Premium plugin v20.3 (Yoast SEO v21.4) - https:\/\/yoast.com\/wordpress\/plugins\/seo\/ -->\n<title>Vela perfumada Ch\u00e1 Imperial - Made in France - \u00c9PILOGUE.<\/title>\n<meta name=\"description\" content=\"A vela &quot;Ch\u00e1 Imperial&quot; transporta-o ao cora\u00e7\u00e3o da \u00cdndia, onde os aromas cativantes do ch\u00e1 picante se misturam com a atmosfera vibrante e colorida dos seus mercados...\" \/>\n<meta name=\"robots\" content=\"index, follow, max-snippet:-1, max-image-preview:large, max-video-preview:-1\" \/>\n<link rel=\"canonical\" href=\"https:\/\/epilogue-bougie.com\/pt-pt\/p\/bougie-parfumee-chai-imperial\/\" \/>\n<meta property=\"og:locale\" content=\"pt_PT\" \/>\n<meta property=\"og:type\" content=\"article\" \/>\n<meta property=\"og:title\" content=\"Vela perfumada Ch\u00e1 Imperial - Made in France - \u00c9PILOGUE.\" \/>\n<meta property=\"og:description\" content=\"A vela &quot;Ch\u00e1 Imperial&quot; transporta-o ao cora\u00e7\u00e3o da \u00cdndia, onde os aromas cativantes do ch\u00e1 picante se misturam com a atmosfera vibrante e colorida dos seus mercados...\" \/>\n<meta property=\"og:url\" content=\"https:\/\/epilogue-bougie.com\/pt-pt\/p\/bougie-parfumee-chai-imperial\/\" \/>\n<meta property=\"og:site_name\" content=\"\u00c9PILOGUE.\" \/>\n<meta property=\"article:modified_time\" content=\"2023-10-14T23:34:16+00:00\" \/>\n<meta property=\"og:image\" content=\"https:\/\/epilogue-bougie.com\/wp-content\/uploads\/2023\/04\/epilogue-chai.jpg\" \/>\n\t<meta property=\"og:image:width\" content=\"1500\" \/>\n\t<meta property=\"og:image:height\" content=\"1501\" \/>\n\t<meta property=\"og:image:type\" content=\"image\/jpeg\" \/>\n<meta name=\"twitter:card\" content=\"summary_large_image\" \/>\n<meta name=\"twitter:title\" content=\"&lt;span&gt;Vela perfumada&lt;\/span&gt; Cha\u00ef Imp\u00e9rial &lt;span class=&quot;titre_trad&quot;&gt;(Ch\u00e1 Imperial)&lt;\/span&gt;\" \/>\n<meta name=\"twitter:label1\" content=\"pre\u00e7o\" \/>\n\t<meta name=\"twitter:data1\" content=\"39.00&euro;\" \/>\n\t<meta name=\"twitter:label2\" content=\"Availability\" \/>\n\t<meta name=\"twitter:data2\" content=\"In stock\" \/>\n<script type=\"application\/ld+json\" class=\"yoast-schema-graph\">{\"@context\":\"https:\/\/schema.org\",\"@graph\":[{\"@type\":\"WebPage\",\"@id\":\"https:\/\/epilogue-bougie.com\/pt-pt\/p\/bougie-parfumee-chai-imperial\/\",\"url\":\"https:\/\/epilogue-bougie.com\/pt-pt\/p\/bougie-parfumee-chai-imperial\/\",\"name\":\"Vela perfumada Ch\u00e1 Imperial - Made in France - \u00c9PILOGUE.\",\"isPartOf\":{\"@id\":\"https:\/\/epilogue-bougie.com\/pt-pt\/#website\"},\"datePublished\":\"2023-04-11T14:42:56+00:00\",\"dateModified\":\"2023-10-14T23:34:16+00:00\",\"description\":\"A vela \\\"Ch\u00e1 Imperial\\\" transporta-o ao cora\u00e7\u00e3o da \u00cdndia, onde os aromas cativantes do ch\u00e1 picante se misturam com a atmosfera vibrante e colorida dos seus mercados...\",\"breadcrumb\":{\"@id\":\"https:\/\/epilogue-bougie.com\/pt-pt\/p\/bougie-parfumee-chai-imperial\/#breadcrumb\"},\"inLanguage\":\"pt-PT\",\"potentialAction\":[{\"@type\":\"ReadAction\",\"target\":[\"https:\/\/epilogue-bougie.com\/pt-pt\/p\/bougie-parfumee-chai-imperial\/\"]}]},{\"@type\":\"BreadcrumbList\",\"@id\":\"https:\/\/epilogue-bougie.com\/pt-pt\/p\/bougie-parfumee-chai-imperial\/#breadcrumb\",\"itemListElement\":[{\"@type\":\"ListItem\",\"position\":1,\"name\":\"Accueil\",\"item\":\"https:\/\/epilogue-bougie.com\/pt-pt\/\"},{\"@type\":\"ListItem\",\"position\":2,\"name\":\"Boutique\",\"item\":\"https:\/\/epilogue-bougie.com\/pt-pt\/boutique-2\/\"},{\"@type\":\"ListItem\",\"position\":3,\"name\":\"Vela perfumada Cha\u00ef Imp\u00e9rial (Ch\u00e1 Imperial)\"}]},{\"@type\":\"WebSite\",\"@id\":\"https:\/\/epilogue-bougie.com\/pt-pt\/#website\",\"url\":\"https:\/\/epilogue-bougie.com\/pt-pt\/\",\"name\":\"\u00c9PILOGUE.\",\"description\":\"Bougie parfum\u00e9e - Made in France\",\"publisher\":{\"@id\":\"https:\/\/epilogue-bougie.com\/pt-pt\/#organization\"},\"potentialAction\":[{\"@type\":\"SearchAction\",\"target\":{\"@type\":\"EntryPoint\",\"urlTemplate\":\"https:\/\/epilogue-bougie.com\/pt-pt\/?s={search_term_string}\"},\"query-input\":\"required name=search_term_string\"}],\"inLanguage\":\"pt-PT\"},{\"@type\":\"Organization\",\"@id\":\"https:\/\/epilogue-bougie.com\/pt-pt\/#organization\",\"name\":\"\u00c9PILOGUE.\",\"url\":\"https:\/\/epilogue-bougie.com\/pt-pt\/\",\"logo\":{\"@type\":\"ImageObject\",\"inLanguage\":\"pt-PT\",\"@id\":\"https:\/\/epilogue-bougie.com\/pt-pt\/#\/schema\/logo\/image\/\",\"url\":\"https:\/\/i0.wp.com\/epilogue-bougie.com\/wp-content\/uploads\/2023\/04\/logo-carre.jpg?fit=1454%2C1454&ssl=1\",\"contentUrl\":\"https:\/\/i0.wp.com\/epilogue-bougie.com\/wp-content\/uploads\/2023\/04\/logo-carre.jpg?fit=1454%2C1454&ssl=1\",\"width\":1454,\"height\":1454,\"caption\":\"\u00c9PILOGUE.\"},\"image\":{\"@id\":\"https:\/\/epilogue-bougie.com\/pt-pt\/#\/schema\/logo\/image\/\"}}]}<\/script>\n<meta property=\"product:price:amount\" content=\"39.00\" \/>\n<meta property=\"product:price:currency\" content=\"EUR\" \/>\n<meta property=\"og:availability\" content=\"instock\" \/>\n<meta property=\"product:availability\" content=\"instock\" \/>\n<meta property=\"product:retailer_item_id\" content=\"EP-BOUGIE-CHAI\" \/>\n<meta property=\"product:condition\" content=\"new\" \/>\n<!-- \/ Yoast SEO Premium plugin. -->","yoast_head_json":{"title":"Vela perfumada Ch\u00e1 Imperial - Made in France - \u00c9PILOGUE.","description":"A vela \"Ch\u00e1 Imperial\" transporta-o ao cora\u00e7\u00e3o da \u00cdndia, onde os aromas cativantes do ch\u00e1 picante se misturam com a atmosfera vibrante e colorida dos seus mercados...","robots":{"index":"index","follow":"follow","max-snippet":"max-snippet:-1","max-image-preview":"max-image-preview:large","max-video-preview":"max-video-preview:-1"},"canonical":"https:\/\/epilogue-bougie.com\/pt-pt\/p\/bougie-parfumee-chai-imperial\/","og_locale":"pt_PT","og_type":"article","og_title":"Vela perfumada Ch\u00e1 Imperial - Made in France - \u00c9PILOGUE.","og_description":"A vela \"Ch\u00e1 Imperial\" transporta-o ao cora\u00e7\u00e3o da \u00cdndia, onde os aromas cativantes do ch\u00e1 picante se misturam com a atmosfera vibrante e colorida dos seus mercados...","og_url":"https:\/\/epilogue-bougie.com\/pt-pt\/p\/bougie-parfumee-chai-imperial\/","og_site_name":"\u00c9PILOGUE.","article_modified_time":"2023-10-14T23:34:16+00:00","og_image":[{"width":1500,"height":1501,"url":"https:\/\/epilogue-bougie.com\/wp-content\/uploads\/2023\/04\/epilogue-chai.jpg","type":"image\/jpeg"}],"twitter_card":"summary_large_image","twitter_title":"<span>Vela perfumada<\/span> Cha\u00ef Imp\u00e9rial <span class=\"titre_trad\">(Ch\u00e1 Imperial)<\/span>","twitter_misc":{"pre\u00e7o":"39.00&euro;","Availability":"In stock"},"schema":{"@context":"https:\/\/schema.org","@graph":[{"@type":"WebPage","@id":"https:\/\/epilogue-bougie.com\/pt-pt\/p\/bougie-parfumee-chai-imperial\/","url":"https:\/\/epilogue-bougie.com\/pt-pt\/p\/bougie-parfumee-chai-imperial\/","name":"Vela perfumada Ch\u00e1 Imperial - Made in France - \u00c9PILOGUE.","isPartOf":{"@id":"https:\/\/epilogue-bougie.com\/pt-pt\/#website"},"datePublished":"2023-04-11T14:42:56+00:00","dateModified":"2023-10-14T23:34:16+00:00","description":"A vela \"Ch\u00e1 Imperial\" transporta-o ao cora\u00e7\u00e3o da \u00cdndia, onde os aromas cativantes do ch\u00e1 picante se misturam com a atmosfera vibrante e colorida dos seus mercados...","breadcrumb":{"@id":"https:\/\/epilogue-bougie.com\/pt-pt\/p\/bougie-parfumee-chai-imperial\/#breadcrumb"},"inLanguage":"pt-PT","potentialAction":[{"@type":"ReadAction","target":["https:\/\/epilogue-bougie.com\/pt-pt\/p\/bougie-parfumee-chai-imperial\/"]}]},{"@type":"BreadcrumbList","@id":"https:\/\/epilogue-bougie.com\/pt-pt\/p\/bougie-parfumee-chai-imperial\/#breadcrumb","itemListElement":[{"@type":"ListItem","position":1,"name":"Accueil","item":"https:\/\/epilogue-bougie.com\/pt-pt\/"},{"@type":"ListItem","position":2,"name":"Boutique","item":"https:\/\/epilogue-bougie.com\/pt-pt\/boutique-2\/"},{"@type":"ListItem","position":3,"name":"Vela perfumada Cha\u00ef Imp\u00e9rial (Ch\u00e1 Imperial)"}]},{"@type":"WebSite","@id":"https:\/\/epilogue-bougie.com\/pt-pt\/#website","url":"https:\/\/epilogue-bougie.com\/pt-pt\/","name":"\u00c9PILOGUE.","description":"Bougie parfum\u00e9e - Made in France","publisher":{"@id":"https:\/\/epilogue-bougie.com\/pt-pt\/#organization"},"potentialAction":[{"@type":"SearchAction","target":{"@type":"EntryPoint","urlTemplate":"https:\/\/epilogue-bougie.com\/pt-pt\/?s={search_term_string}"},"query-input":"required name=search_term_string"}],"inLanguage":"pt-PT"},{"@type":"Organization","@id":"https:\/\/epilogue-bougie.com\/pt-pt\/#organization","name":"\u00c9PILOGUE.","url":"https:\/\/epilogue-bougie.com\/pt-pt\/","logo":{"@type":"ImageObject","inLanguage":"pt-PT","@id":"https:\/\/epilogue-bougie.com\/pt-pt\/#\/schema\/logo\/image\/","url":"https:\/\/i0.wp.com\/epilogue-bougie.com\/wp-content\/uploads\/2023\/04\/logo-carre.jpg?fit=1454%2C1454&ssl=1","contentUrl":"https:\/\/i0.wp.com\/epilogue-bougie.com\/wp-content\/uploads\/2023\/04\/logo-carre.jpg?fit=1454%2C1454&ssl=1","width":1454,"height":1454,"caption":"\u00c9PILOGUE."},"image":{"@id":"https:\/\/epilogue-bougie.com\/pt-pt\/#\/schema\/logo\/image\/"}}]},"product_price_amount":"39.00","product_price_currency":"EUR","og_availability":"instock","product_availability":"instock","product_retailer_item_id":"EP-BOUGIE-CHAI","product_condition":"new"},"jetpack_sharing_enabled":true,"_links":{"self":[{"href":"https:\/\/epilogue-bougie.com\/pt-pt\/wp-json\/wp\/v2\/product\/7184","targetHints":{"allow":["GET"]}}],"collection":[{"href":"https:\/\/epilogue-bougie.com\/pt-pt\/wp-json\/wp\/v2\/product"}],"about":[{"href":"https:\/\/epilogue-bougie.com\/pt-pt\/wp-json\/wp\/v2\/types\/product"}],"replies":[{"embeddable":true,"href":"https:\/\/epilogue-bougie.com\/pt-pt\/wp-json\/wp\/v2\/comments?post=7184"}],"wp:featuredmedia":[{"embeddable":true,"href":"https:\/\/epilogue-bougie.com\/pt-pt\/wp-json\/wp\/v2\/media\/9205"}],"wp:attachment":[{"href":"https:\/\/epilogue-bougie.com\/pt-pt\/wp-json\/wp\/v2\/media?parent=7184"}],"wp:term":[{"taxonomy":"product_cat","embeddable":true,"href":"https:\/\/epilogue-bougie.com\/pt-pt\/wp-json\/wp\/v2\/product_cat?post=7184"},{"taxonomy":"product_tag","embeddable":true,"href":"https:\/\/epilogue-bougie.com\/pt-pt\/wp-json\/wp\/v2\/product_tag?post=7184"}],"curies":[{"name":"wp","href":"https:\/\/api.w.org\/{rel}","templated":true}]}}