{"id":7138,"date":"2023-04-11T16:42:56","date_gmt":"2023-04-11T14:42:56","guid":{"rendered":"https:\/\/epilogue-bougie.com\/p\/bougie-parfumee-chai-imperial\/"},"modified":"2023-10-14T22:49:59","modified_gmt":"2023-10-14T20:49:59","slug":"bougie-parfumee-chai-imperial","status":"publish","type":"product","link":"https:\/\/epilogue-bougie.com\/nl\/p\/bougie-parfumee-chai-imperial\/","title":{"rendered":"<span>Geurkaars<\/span> Cha\u00ef Imp\u00e9rial <span class=\"titre_trad\">(Keizerlijke Cha\u00ef)<\/span>"},"content":{"rendered":"<section class=\"wpb-content-wrapper\"><p>[vc_row el_id=&#8221;desciption&#8221;][vc_column][vc_tta_accordion style=&#8221;flat&#8221; shape=&#8221;square&#8221; color=&#8221;black&#8221; c_icon=&#8221;chevron&#8221; active_section=&#8221;1&#8243; css=&#8221;.vc_custom_1681080634477{background-color: #0f0f0f !important;}&#8221; el_id=&#8221;menu_desc_fp&#8221;][vc_tta_section title=&#8221;Beschrijving&#8221; tab_id=&#8221;1681079222630-92b214d8-4cf1&#8243;][vc_column_text]<br \/>\nDe kaars &#8220;Keizerlijke Cha\u00ef&#8221; neemt u mee naar het hart van India waar de bedwelmende aroma&#8217;s van gekruide cha\u00ef zich vermengen met de levendige en kleurrijke sfeer van haar markten.<\/p>\n<p>De smakelijke en geruststellende noten van zwarte thee en kruiden cre\u00ebren een unieke geursymfonie, trouw aan de authenticiteit van de Indiase cha\u00ef.[\/vc_column_text][vc_row_inner][vc_column_inner width=&#8221;1\/2&#8243;][vc_column_text]<\/p>\n<ul class=\"check\">\n<li>Gemaakt in Frankrijk<\/li>\n<li>Vegan formule<\/li>\n<\/ul>\n<p>[\/vc_column_text][\/vc_column_inner][vc_column_inner width=&#8221;1\/2&#8243;][vc_column_text]<\/p>\n<ul class=\"check\">\n<li>Gewicht van 180g<\/li>\n<li>Ongeveer 45 uur brandtijd<\/li>\n<\/ul>\n<p>[\/vc_column_text][\/vc_column_inner][\/vc_row_inner][\/vc_tta_section][vc_tta_section title=&#8221;Gebruiksaanwijzing&#8221; tab_id=&#8221;1681079222635-6260741b-8dc4&#8243;][vc_column_text]<\/p>\n<ul>\n<li>Bij het eerste gebruik, laat uw kaars 2 tot 3 uur branden totdat het gehele oppervlak vloeibaar wordt, zodat de was gelijkmatig en harmonieus kan smelten.<\/li>\n<li>Knip de lont regelmatig bij (ideale lengte van 3 tot 5mm).<\/li>\n<li>Het wordt aanbevolen om uw interieur te ventileren na het branden van een kaars.<\/li>\n<\/ul>\n<p>[\/vc_column_text][\/vc_tta_section][vc_tta_section title=&#8221;Levering &amp; Retourneren&#8221; tab_id=&#8221;1681120262424-4fc26ea5-6e40&#8243;][vc_column_text]<\/p>\n<h5><img decoding=\"async\" class=\"aligncenter wp-image-6994 size-medium\" style=\"margin-bottom: 25px;\" src=\"https:\/\/i0.wp.com\/epilogue-bougie.com\/wp-content\/uploads\/2023\/10\/epilogue-hd-expe1-06165.jpg?resize=300%2C300&#038;ssl=1\" alt=\"Speciale aanbieding\" width=\"300\" height=\"300\" srcset=\"https:\/\/i0.wp.com\/epilogue-bougie.com\/wp-content\/uploads\/2023\/10\/epilogue-hd-expe1-06165.jpg?resize=300%2C300&amp;ssl=1 300w, https:\/\/i0.wp.com\/epilogue-bougie.com\/wp-content\/uploads\/2023\/10\/epilogue-hd-expe1-06165.jpg?resize=1024%2C1024&amp;ssl=1 1024w, https:\/\/i0.wp.com\/epilogue-bougie.com\/wp-content\/uploads\/2023\/10\/epilogue-hd-expe1-06165.jpg?resize=150%2C150&amp;ssl=1 150w, https:\/\/i0.wp.com\/epilogue-bougie.com\/wp-content\/uploads\/2023\/10\/epilogue-hd-expe1-06165.jpg?resize=768%2C768&amp;ssl=1 768w, https:\/\/i0.wp.com\/epilogue-bougie.com\/wp-content\/uploads\/2023\/10\/epilogue-hd-expe1-06165.jpg?resize=60%2C60&amp;ssl=1 60w, https:\/\/i0.wp.com\/epilogue-bougie.com\/wp-content\/uploads\/2023\/10\/epilogue-hd-expe1-06165.jpg?resize=110%2C110&amp;ssl=1 110w, https:\/\/i0.wp.com\/epilogue-bougie.com\/wp-content\/uploads\/2023\/10\/epilogue-hd-expe1-06165.jpg?resize=100%2C100&amp;ssl=1 100w, https:\/\/i0.wp.com\/epilogue-bougie.com\/wp-content\/uploads\/2023\/10\/epilogue-hd-expe1-06165.jpg?resize=32%2C32&amp;ssl=1 32w, https:\/\/i0.wp.com\/epilogue-bougie.com\/wp-content\/uploads\/2023\/10\/epilogue-hd-expe1-06165.jpg?w=1200&amp;ssl=1 1200w\" sizes=\"(max-width: 300px) 100vw, 300px\" data-recalc-dims=\"1\" \/><\/h5>\n<h5>Levering (Europe)<\/h5>\n<ul>\n<li><strong>Thuislevering<\/strong><br \/>\n&#8211; Levering bij u thuis binnen 6 werkdagen wordt aangeboden voor 7,90\u20ac<br \/>\n&#8211; Gratis vanaf een bestelling van 75\u20ac<\/li>\n<\/ul>\n<h5 style=\"margin-top: 20px;\">Retourneren<\/h5>\n<ul>\n<li>U kunt een product binnen 30 dagen na levering retourneren.<\/li>\n<li>Let op dat alle artikelen ongebruikt en in de originele verpakking moeten worden geretourneerd. Als de geretourneerde goederen niet in verkoopbare staat zijn, kunnen we uw retour mogelijk niet accepteren.<\/li>\n<\/ul>\n<p>[\/vc_column_text][\/vc_tta_section][\/vc_tta_accordion][\/vc_column][\/vc_row]<\/p>\n<\/section>","protected":false},"excerpt":{"rendered":"<p>De kaars &#8220;Keizerlijke Cha\u00ef&#8221; neemt u mee naar het hart van India waar de bedwelmende aroma&#8217;s van gekruide cha\u00ef zich vermengen met de levendige en kleurrijke sfeer van haar markten (&#8230;) <a class=\"fp_ensavoir\" href=\"#desciption\">Lees meer<\/a><\/p>\n","protected":false},"featured_media":9201,"comment_status":"closed","ping_status":"closed","template":"","meta":[],"product_cat":[128],"product_tag":[],"class_list":["post-7138","product","type-product","status-publish","has-post-thumbnail","hentry","product_cat-bougie-parfumee-nl"],"yoast_head":"<!-- This site is optimized with the Yoast SEO Premium plugin v20.3 (Yoast SEO v21.4) - https:\/\/yoast.com\/wordpress\/plugins\/seo\/ -->\n<title>Geurkaars Keizerlijke Cha\u00ef - Made in France - \u00c9PILOGUE.<\/title>\n<meta name=\"description\" content=\"De kaars &quot;Keizerlijke Cha\u00ef&quot; neemt u mee naar het hart van India waar de bedwelmende aroma&#039;s van gekruide cha\u00ef zich vermengen met de levendige en ...\" \/>\n<meta name=\"robots\" content=\"index, follow, max-snippet:-1, max-image-preview:large, max-video-preview:-1\" \/>\n<link rel=\"canonical\" href=\"https:\/\/epilogue-bougie.com\/nl\/p\/bougie-parfumee-chai-imperial\/\" \/>\n<meta property=\"og:locale\" content=\"nl_NL\" \/>\n<meta property=\"og:type\" content=\"article\" \/>\n<meta property=\"og:title\" content=\"Geurkaars Keizerlijke Cha\u00ef - Made in France - \u00c9PILOGUE.\" \/>\n<meta property=\"og:description\" content=\"De kaars &quot;Keizerlijke Cha\u00ef&quot; neemt u mee naar het hart van India waar de bedwelmende aroma&#039;s van gekruide cha\u00ef zich vermengen met de levendige en kleurrijke sfeer van haar markten...\" \/>\n<meta property=\"og:url\" content=\"https:\/\/epilogue-bougie.com\/nl\/p\/bougie-parfumee-chai-imperial\/\" \/>\n<meta property=\"og:site_name\" content=\"\u00c9PILOGUE.\" \/>\n<meta property=\"article:modified_time\" content=\"2023-10-14T20:49:59+00:00\" \/>\n<meta property=\"og:image\" content=\"https:\/\/epilogue-bougie.com\/wp-content\/uploads\/2023\/04\/epilogue-chai.jpg\" \/>\n\t<meta property=\"og:image:width\" content=\"1500\" \/>\n\t<meta property=\"og:image:height\" content=\"1501\" \/>\n\t<meta property=\"og:image:type\" content=\"image\/jpeg\" \/>\n<meta name=\"twitter:card\" content=\"summary_large_image\" \/>\n<meta name=\"twitter:title\" content=\"&lt;span&gt;Geurkaars&lt;\/span&gt; Cha\u00ef Imp\u00e9rial &lt;span class=&quot;titre_trad&quot;&gt;(Keizerlijke Cha\u00ef)&lt;\/span&gt;\" \/>\n<meta name=\"twitter:label1\" content=\"Prijs\" \/>\n\t<meta name=\"twitter:data1\" content=\"39.00&euro;\" \/>\n\t<meta name=\"twitter:label2\" content=\"Availability\" \/>\n\t<meta name=\"twitter:data2\" content=\"In stock\" \/>\n<script type=\"application\/ld+json\" class=\"yoast-schema-graph\">{\"@context\":\"https:\/\/schema.org\",\"@graph\":[{\"@type\":\"WebPage\",\"@id\":\"https:\/\/epilogue-bougie.com\/nl\/p\/bougie-parfumee-chai-imperial\/\",\"url\":\"https:\/\/epilogue-bougie.com\/nl\/p\/bougie-parfumee-chai-imperial\/\",\"name\":\"Geurkaars Keizerlijke Cha\u00ef - Made in France - \u00c9PILOGUE.\",\"isPartOf\":{\"@id\":\"https:\/\/epilogue-bougie.com\/nl\/#website\"},\"datePublished\":\"2023-04-11T14:42:56+00:00\",\"dateModified\":\"2023-10-14T20:49:59+00:00\",\"description\":\"De kaars \\\"Keizerlijke Cha\u00ef\\\" neemt u mee naar het hart van India waar de bedwelmende aroma's van gekruide cha\u00ef zich vermengen met de levendige en ...\",\"breadcrumb\":{\"@id\":\"https:\/\/epilogue-bougie.com\/nl\/p\/bougie-parfumee-chai-imperial\/#breadcrumb\"},\"inLanguage\":\"nl-NL\",\"potentialAction\":[{\"@type\":\"ReadAction\",\"target\":[\"https:\/\/epilogue-bougie.com\/nl\/p\/bougie-parfumee-chai-imperial\/\"]}]},{\"@type\":\"BreadcrumbList\",\"@id\":\"https:\/\/epilogue-bougie.com\/nl\/p\/bougie-parfumee-chai-imperial\/#breadcrumb\",\"itemListElement\":[{\"@type\":\"ListItem\",\"position\":1,\"name\":\"Accueil\",\"item\":\"https:\/\/epilogue-bougie.com\/nl\/\"},{\"@type\":\"ListItem\",\"position\":2,\"name\":\"Winkel\",\"item\":\"https:\/\/epilogue-bougie.com\/nl\/winkel\/\"},{\"@type\":\"ListItem\",\"position\":3,\"name\":\"Geurkaars Cha\u00ef Imp\u00e9rial (Keizerlijke Cha\u00ef)\"}]},{\"@type\":\"WebSite\",\"@id\":\"https:\/\/epilogue-bougie.com\/nl\/#website\",\"url\":\"https:\/\/epilogue-bougie.com\/nl\/\",\"name\":\"\u00c9PILOGUE.\",\"description\":\"Bougie parfum\u00e9e - Made in France\",\"publisher\":{\"@id\":\"https:\/\/epilogue-bougie.com\/nl\/#organization\"},\"potentialAction\":[{\"@type\":\"SearchAction\",\"target\":{\"@type\":\"EntryPoint\",\"urlTemplate\":\"https:\/\/epilogue-bougie.com\/nl\/?s={search_term_string}\"},\"query-input\":\"required name=search_term_string\"}],\"inLanguage\":\"nl-NL\"},{\"@type\":\"Organization\",\"@id\":\"https:\/\/epilogue-bougie.com\/nl\/#organization\",\"name\":\"\u00c9PILOGUE.\",\"url\":\"https:\/\/epilogue-bougie.com\/nl\/\",\"logo\":{\"@type\":\"ImageObject\",\"inLanguage\":\"nl-NL\",\"@id\":\"https:\/\/epilogue-bougie.com\/nl\/#\/schema\/logo\/image\/\",\"url\":\"https:\/\/i0.wp.com\/epilogue-bougie.com\/wp-content\/uploads\/2023\/04\/logo-carre.jpg?fit=1454%2C1454&ssl=1\",\"contentUrl\":\"https:\/\/i0.wp.com\/epilogue-bougie.com\/wp-content\/uploads\/2023\/04\/logo-carre.jpg?fit=1454%2C1454&ssl=1\",\"width\":1454,\"height\":1454,\"caption\":\"\u00c9PILOGUE.\"},\"image\":{\"@id\":\"https:\/\/epilogue-bougie.com\/nl\/#\/schema\/logo\/image\/\"}}]}<\/script>\n<meta property=\"product:price:amount\" content=\"39.00\" \/>\n<meta property=\"product:price:currency\" content=\"EUR\" \/>\n<meta property=\"og:availability\" content=\"instock\" \/>\n<meta property=\"product:availability\" content=\"instock\" \/>\n<meta property=\"product:retailer_item_id\" content=\"EP-BOUGIE-CHAI\" \/>\n<meta property=\"product:condition\" content=\"new\" \/>\n<!-- \/ Yoast SEO Premium plugin. -->","yoast_head_json":{"title":"Geurkaars Keizerlijke Cha\u00ef - Made in France - \u00c9PILOGUE.","description":"De kaars \"Keizerlijke Cha\u00ef\" neemt u mee naar het hart van India waar de bedwelmende aroma's van gekruide cha\u00ef zich vermengen met de levendige en ...","robots":{"index":"index","follow":"follow","max-snippet":"max-snippet:-1","max-image-preview":"max-image-preview:large","max-video-preview":"max-video-preview:-1"},"canonical":"https:\/\/epilogue-bougie.com\/nl\/p\/bougie-parfumee-chai-imperial\/","og_locale":"nl_NL","og_type":"article","og_title":"Geurkaars Keizerlijke Cha\u00ef - Made in France - \u00c9PILOGUE.","og_description":"De kaars \"Keizerlijke Cha\u00ef\" neemt u mee naar het hart van India waar de bedwelmende aroma's van gekruide cha\u00ef zich vermengen met de levendige en kleurrijke sfeer van haar markten...","og_url":"https:\/\/epilogue-bougie.com\/nl\/p\/bougie-parfumee-chai-imperial\/","og_site_name":"\u00c9PILOGUE.","article_modified_time":"2023-10-14T20:49:59+00:00","og_image":[{"width":1500,"height":1501,"url":"https:\/\/epilogue-bougie.com\/wp-content\/uploads\/2023\/04\/epilogue-chai.jpg","type":"image\/jpeg"}],"twitter_card":"summary_large_image","twitter_title":"<span>Geurkaars<\/span> Cha\u00ef Imp\u00e9rial <span class=\"titre_trad\">(Keizerlijke Cha\u00ef)<\/span>","twitter_misc":{"Prijs":"39.00&euro;","Availability":"In stock"},"schema":{"@context":"https:\/\/schema.org","@graph":[{"@type":"WebPage","@id":"https:\/\/epilogue-bougie.com\/nl\/p\/bougie-parfumee-chai-imperial\/","url":"https:\/\/epilogue-bougie.com\/nl\/p\/bougie-parfumee-chai-imperial\/","name":"Geurkaars Keizerlijke Cha\u00ef - Made in France - \u00c9PILOGUE.","isPartOf":{"@id":"https:\/\/epilogue-bougie.com\/nl\/#website"},"datePublished":"2023-04-11T14:42:56+00:00","dateModified":"2023-10-14T20:49:59+00:00","description":"De kaars \"Keizerlijke Cha\u00ef\" neemt u mee naar het hart van India waar de bedwelmende aroma's van gekruide cha\u00ef zich vermengen met de levendige en ...","breadcrumb":{"@id":"https:\/\/epilogue-bougie.com\/nl\/p\/bougie-parfumee-chai-imperial\/#breadcrumb"},"inLanguage":"nl-NL","potentialAction":[{"@type":"ReadAction","target":["https:\/\/epilogue-bougie.com\/nl\/p\/bougie-parfumee-chai-imperial\/"]}]},{"@type":"BreadcrumbList","@id":"https:\/\/epilogue-bougie.com\/nl\/p\/bougie-parfumee-chai-imperial\/#breadcrumb","itemListElement":[{"@type":"ListItem","position":1,"name":"Accueil","item":"https:\/\/epilogue-bougie.com\/nl\/"},{"@type":"ListItem","position":2,"name":"Winkel","item":"https:\/\/epilogue-bougie.com\/nl\/winkel\/"},{"@type":"ListItem","position":3,"name":"Geurkaars Cha\u00ef Imp\u00e9rial (Keizerlijke Cha\u00ef)"}]},{"@type":"WebSite","@id":"https:\/\/epilogue-bougie.com\/nl\/#website","url":"https:\/\/epilogue-bougie.com\/nl\/","name":"\u00c9PILOGUE.","description":"Bougie parfum\u00e9e - Made in France","publisher":{"@id":"https:\/\/epilogue-bougie.com\/nl\/#organization"},"potentialAction":[{"@type":"SearchAction","target":{"@type":"EntryPoint","urlTemplate":"https:\/\/epilogue-bougie.com\/nl\/?s={search_term_string}"},"query-input":"required name=search_term_string"}],"inLanguage":"nl-NL"},{"@type":"Organization","@id":"https:\/\/epilogue-bougie.com\/nl\/#organization","name":"\u00c9PILOGUE.","url":"https:\/\/epilogue-bougie.com\/nl\/","logo":{"@type":"ImageObject","inLanguage":"nl-NL","@id":"https:\/\/epilogue-bougie.com\/nl\/#\/schema\/logo\/image\/","url":"https:\/\/i0.wp.com\/epilogue-bougie.com\/wp-content\/uploads\/2023\/04\/logo-carre.jpg?fit=1454%2C1454&ssl=1","contentUrl":"https:\/\/i0.wp.com\/epilogue-bougie.com\/wp-content\/uploads\/2023\/04\/logo-carre.jpg?fit=1454%2C1454&ssl=1","width":1454,"height":1454,"caption":"\u00c9PILOGUE."},"image":{"@id":"https:\/\/epilogue-bougie.com\/nl\/#\/schema\/logo\/image\/"}}]},"product_price_amount":"39.00","product_price_currency":"EUR","og_availability":"instock","product_availability":"instock","product_retailer_item_id":"EP-BOUGIE-CHAI","product_condition":"new"},"jetpack_sharing_enabled":true,"_links":{"self":[{"href":"https:\/\/epilogue-bougie.com\/nl\/wp-json\/wp\/v2\/product\/7138","targetHints":{"allow":["GET"]}}],"collection":[{"href":"https:\/\/epilogue-bougie.com\/nl\/wp-json\/wp\/v2\/product"}],"about":[{"href":"https:\/\/epilogue-bougie.com\/nl\/wp-json\/wp\/v2\/types\/product"}],"replies":[{"embeddable":true,"href":"https:\/\/epilogue-bougie.com\/nl\/wp-json\/wp\/v2\/comments?post=7138"}],"wp:featuredmedia":[{"embeddable":true,"href":"https:\/\/epilogue-bougie.com\/nl\/wp-json\/wp\/v2\/media\/9201"}],"wp:attachment":[{"href":"https:\/\/epilogue-bougie.com\/nl\/wp-json\/wp\/v2\/media?parent=7138"}],"wp:term":[{"taxonomy":"product_cat","embeddable":true,"href":"https:\/\/epilogue-bougie.com\/nl\/wp-json\/wp\/v2\/product_cat?post=7138"},{"taxonomy":"product_tag","embeddable":true,"href":"https:\/\/epilogue-bougie.com\/nl\/wp-json\/wp\/v2\/product_tag?post=7138"}],"curies":[{"name":"wp","href":"https:\/\/api.w.org\/{rel}","templated":true}]}}