{"id":7168,"date":"2023-04-11T16:42:56","date_gmt":"2023-04-11T14:42:56","guid":{"rendered":"https:\/\/epilogue-bougie.com\/p\/bougie-parfumee-chai-imperial\/"},"modified":"2023-10-14T21:58:00","modified_gmt":"2023-10-14T19:58:00","slug":"bougie-parfumee-chai-imperial","status":"publish","type":"product","link":"https:\/\/epilogue-bougie.com\/it\/p\/bougie-parfumee-chai-imperial\/","title":{"rendered":"<span>Candela profumata<\/span> Cha\u00ef Imp\u00e9rial"},"content":{"rendered":"<section class=\"wpb-content-wrapper\"><p>[vc_row el_id=&#8221;desciption&#8221;][vc_column][vc_tta_accordion style=&#8221;flat&#8221; shape=&#8221;square&#8221; color=&#8221;black&#8221; c_icon=&#8221;chevron&#8221; active_section=&#8221;1&#8243; css=&#8221;.vc_custom_1681080634477{background-color: #0f0f0f !important;}&#8221; el_id=&#8221;menu_desc_fp&#8221;][vc_tta_section title=&#8221;Descrizione&#8221; tab_id=&#8221;1681079222630-92b214d8-4cf1&#8243;][vc_column_text]La candela &#8220;Cha\u00ef Imperial&#8221; vi porta nel cuore dell&#8217;India, dove gli avvincenti aromi del cha\u00ef speziato si fondono con l&#8217;atmosfera vivace e colorata dei suoi mercati.<\/p>\n<p>Le note golose e rassicuranti del t\u00e8 nero e delle spezie creano una sinfonia olfattiva unica, fedele all&#8217;autenticit\u00e0 del cha\u00ef indiano.[\/vc_column_text][vc_row_inner][vc_column_inner width=&#8221;1\/2&#8243;][vc_column_text]<\/p>\n<ul class=\"check\">\n<li>Prodotto in Francia<\/li>\n<li>Formula vegana<\/li>\n<\/ul>\n<p>[\/vc_column_text][\/vc_column_inner][vc_column_inner width=&#8221;1\/2&#8243;][vc_column_text]<\/p>\n<ul class=\"check\">\n<li>Peso di 180g<\/li>\n<li>Circa 45 ore di combustione<\/li>\n<\/ul>\n<p>[\/vc_column_text][\/vc_column_inner][\/vc_row_inner][\/vc_tta_section][vc_tta_section title=&#8221;Consigli per l&#8217;uso&#8221; tab_id=&#8221;1681079222635-6260741b-8dc4&#8243;][vc_column_text]<\/p>\n<ul>\n<li>Alla prima accensione, lasciate bruciare la vostra candela per 2 o 3 ore fino a quando tutta la sua superficie diventa liquida, cos\u00ec da permettere alla cera di bruciare in modo uniforme.<\/li>\n<li>Tagliare regolarmente lo stoppino (lunghezza ideale da 3 a 5mm).<\/li>\n<li>Si raccomanda di aerare l&#8217;ambiente dopo aver acceso una candela.<\/li>\n<\/ul>\n<p>[\/vc_column_text][\/vc_tta_section][vc_tta_section title=&#8221;Spedizione &amp; reso&#8221; tab_id=&#8221;1681120262424-4fc26ea5-6e40&#8243;][vc_column_text]<\/p>\n<h5><img decoding=\"async\" class=\"aligncenter wp-image-6994 size-medium\" style=\"margin-bottom: 25px;\" src=\"https:\/\/i0.wp.com\/epilogue-bougie.com\/wp-content\/uploads\/2023\/10\/epilogue-hd-expe1-06165.jpg?resize=300%2C300&#038;ssl=1\" alt=\"Offerta speciale\" width=\"300\" height=\"300\" srcset=\"https:\/\/i0.wp.com\/epilogue-bougie.com\/wp-content\/uploads\/2023\/10\/epilogue-hd-expe1-06165.jpg?resize=300%2C300&amp;ssl=1 300w, https:\/\/i0.wp.com\/epilogue-bougie.com\/wp-content\/uploads\/2023\/10\/epilogue-hd-expe1-06165.jpg?resize=1024%2C1024&amp;ssl=1 1024w, https:\/\/i0.wp.com\/epilogue-bougie.com\/wp-content\/uploads\/2023\/10\/epilogue-hd-expe1-06165.jpg?resize=150%2C150&amp;ssl=1 150w, https:\/\/i0.wp.com\/epilogue-bougie.com\/wp-content\/uploads\/2023\/10\/epilogue-hd-expe1-06165.jpg?resize=768%2C768&amp;ssl=1 768w, https:\/\/i0.wp.com\/epilogue-bougie.com\/wp-content\/uploads\/2023\/10\/epilogue-hd-expe1-06165.jpg?resize=60%2C60&amp;ssl=1 60w, https:\/\/i0.wp.com\/epilogue-bougie.com\/wp-content\/uploads\/2023\/10\/epilogue-hd-expe1-06165.jpg?resize=110%2C110&amp;ssl=1 110w, https:\/\/i0.wp.com\/epilogue-bougie.com\/wp-content\/uploads\/2023\/10\/epilogue-hd-expe1-06165.jpg?resize=100%2C100&amp;ssl=1 100w, https:\/\/i0.wp.com\/epilogue-bougie.com\/wp-content\/uploads\/2023\/10\/epilogue-hd-expe1-06165.jpg?resize=32%2C32&amp;ssl=1 32w, https:\/\/i0.wp.com\/epilogue-bougie.com\/wp-content\/uploads\/2023\/10\/epilogue-hd-expe1-06165.jpg?w=1200&amp;ssl=1 1200w\" sizes=\"(max-width: 300px) 100vw, 300px\" data-recalc-dims=\"1\" \/><\/h5>\n<h5>Spedizione (Francia Metropolitana)<\/h5>\n<ul>\n<li><strong>Consegna a domicilio<\/strong><br \/>\n&#8211; Consegna a casa tua in 6 giorni lavorativi proposta al prezzo di 7,90\u20ac<br \/>\n&#8211; Gratuita per ordini superiori a 75\u20ac<\/li>\n<\/ul>\n<h5 style=\"margin-top: 20px;\">Reso<\/h5>\n<ul>\n<li>\u00c8 possibile restituire un prodotto entro 30 giorni dalla sua consegna.<\/li>\n<li>Si prega di notare che tutti gli articoli devono essere restituiti non utilizzati e nella loro confezione originale. Se la merce restituita non \u00e8 in condizioni di essere rivenduta, potremmo non accettare il vostro reso.<\/li>\n<\/ul>\n<p>[\/vc_column_text][\/vc_tta_section][\/vc_tta_accordion][\/vc_column][\/vc_row]<\/p>\n<\/section>","protected":false},"excerpt":{"rendered":"<p>La candela &#8220;Cha\u00ef Imperial&#8221; vi porta nel cuore dell&#8217;India dove gli aromi inebrianti del cha\u00ef speziato si mescolano all&#8217;atmosfera vibrante e colorata dei suoi mercati (&#8230;) <a class=\"fp_ensavoir\" href=\"#desciption\">Leggi di pi\u00f9<\/a><\/p>\n","protected":false},"featured_media":9204,"comment_status":"closed","ping_status":"closed","template":"","meta":[],"product_cat":[131],"product_tag":[],"class_list":["post-7168","product","type-product","status-publish","has-post-thumbnail","hentry","product_cat-bougie-parfumee-it"],"yoast_head":"<!-- This site is optimized with the Yoast SEO Premium plugin v20.3 (Yoast SEO v21.4) - https:\/\/yoast.com\/wordpress\/plugins\/seo\/ -->\n<title>Candela profumata Cha\u00ef Imperial - Made in France - \u00c9PILOGUE<\/title>\n<meta name=\"description\" content=\"La candela &quot;Cha\u00ef Imperial&quot; vi porta nel cuore dell&#039;India, dove gli aromi avvincenti del chai speziato si fondono con l&#039;atmosfera vibrante e colorata dei...\" \/>\n<meta name=\"robots\" content=\"index, follow, max-snippet:-1, max-image-preview:large, max-video-preview:-1\" \/>\n<link rel=\"canonical\" href=\"https:\/\/epilogue-bougie.com\/it\/p\/bougie-parfumee-chai-imperial\/\" \/>\n<meta property=\"og:locale\" content=\"it_IT\" \/>\n<meta property=\"og:type\" content=\"article\" \/>\n<meta property=\"og:title\" content=\"Candela profumata Cha\u00ef Imperial - Made in France - \u00c9PILOGUE\" \/>\n<meta property=\"og:description\" content=\"La candela &quot;Cha\u00ef Imperial&quot; vi porta nel cuore dell&#039;India, dove gli aromi avvincenti del chai speziato si fondono con l&#039;atmosfera vibrante e colorata dei...\" \/>\n<meta property=\"og:url\" content=\"https:\/\/epilogue-bougie.com\/it\/p\/bougie-parfumee-chai-imperial\/\" \/>\n<meta property=\"og:site_name\" content=\"\u00c9PILOGUE.\" \/>\n<meta property=\"article:modified_time\" content=\"2023-10-14T19:58:00+00:00\" \/>\n<meta property=\"og:image\" content=\"https:\/\/epilogue-bougie.com\/wp-content\/uploads\/2023\/04\/epilogue-chai.jpg\" \/>\n\t<meta property=\"og:image:width\" content=\"1500\" \/>\n\t<meta property=\"og:image:height\" content=\"1501\" \/>\n\t<meta property=\"og:image:type\" content=\"image\/jpeg\" \/>\n<meta name=\"twitter:card\" content=\"summary_large_image\" \/>\n<meta name=\"twitter:title\" content=\"&lt;span&gt;Candela profumata&lt;\/span&gt; Cha\u00ef Imp\u00e9rial\" \/>\n<meta name=\"twitter:label1\" content=\"Prezzo\" \/>\n\t<meta name=\"twitter:data1\" content=\"39.00&euro;\" \/>\n\t<meta name=\"twitter:label2\" content=\"Availability\" \/>\n\t<meta name=\"twitter:data2\" content=\"In stock\" \/>\n<script type=\"application\/ld+json\" class=\"yoast-schema-graph\">{\"@context\":\"https:\/\/schema.org\",\"@graph\":[{\"@type\":\"WebPage\",\"@id\":\"https:\/\/epilogue-bougie.com\/it\/p\/bougie-parfumee-chai-imperial\/\",\"url\":\"https:\/\/epilogue-bougie.com\/it\/p\/bougie-parfumee-chai-imperial\/\",\"name\":\"Candela profumata Cha\u00ef Imperial - Made in France - \u00c9PILOGUE\",\"isPartOf\":{\"@id\":\"https:\/\/epilogue-bougie.com\/it\/#website\"},\"datePublished\":\"2023-04-11T14:42:56+00:00\",\"dateModified\":\"2023-10-14T19:58:00+00:00\",\"description\":\"La candela \\\"Cha\u00ef Imperial\\\" vi porta nel cuore dell'India, dove gli aromi avvincenti del chai speziato si fondono con l'atmosfera vibrante e colorata dei...\",\"breadcrumb\":{\"@id\":\"https:\/\/epilogue-bougie.com\/it\/p\/bougie-parfumee-chai-imperial\/#breadcrumb\"},\"inLanguage\":\"it-IT\",\"potentialAction\":[{\"@type\":\"ReadAction\",\"target\":[\"https:\/\/epilogue-bougie.com\/it\/p\/bougie-parfumee-chai-imperial\/\"]}]},{\"@type\":\"BreadcrumbList\",\"@id\":\"https:\/\/epilogue-bougie.com\/it\/p\/bougie-parfumee-chai-imperial\/#breadcrumb\",\"itemListElement\":[{\"@type\":\"ListItem\",\"position\":1,\"name\":\"Accueil\",\"item\":\"https:\/\/epilogue-bougie.com\/it\/\"},{\"@type\":\"ListItem\",\"position\":2,\"name\":\"Negozio\",\"item\":\"https:\/\/epilogue-bougie.com\/it\/negozio\/\"},{\"@type\":\"ListItem\",\"position\":3,\"name\":\"Candela profumata Cha\u00ef Imp\u00e9rial\"}]},{\"@type\":\"WebSite\",\"@id\":\"https:\/\/epilogue-bougie.com\/it\/#website\",\"url\":\"https:\/\/epilogue-bougie.com\/it\/\",\"name\":\"\u00c9PILOGUE.\",\"description\":\"Bougie parfum\u00e9e - Made in France\",\"publisher\":{\"@id\":\"https:\/\/epilogue-bougie.com\/it\/#organization\"},\"potentialAction\":[{\"@type\":\"SearchAction\",\"target\":{\"@type\":\"EntryPoint\",\"urlTemplate\":\"https:\/\/epilogue-bougie.com\/it\/?s={search_term_string}\"},\"query-input\":\"required name=search_term_string\"}],\"inLanguage\":\"it-IT\"},{\"@type\":\"Organization\",\"@id\":\"https:\/\/epilogue-bougie.com\/it\/#organization\",\"name\":\"\u00c9PILOGUE.\",\"url\":\"https:\/\/epilogue-bougie.com\/it\/\",\"logo\":{\"@type\":\"ImageObject\",\"inLanguage\":\"it-IT\",\"@id\":\"https:\/\/epilogue-bougie.com\/it\/#\/schema\/logo\/image\/\",\"url\":\"https:\/\/i0.wp.com\/epilogue-bougie.com\/wp-content\/uploads\/2023\/04\/logo-carre.jpg?fit=1454%2C1454&ssl=1\",\"contentUrl\":\"https:\/\/i0.wp.com\/epilogue-bougie.com\/wp-content\/uploads\/2023\/04\/logo-carre.jpg?fit=1454%2C1454&ssl=1\",\"width\":1454,\"height\":1454,\"caption\":\"\u00c9PILOGUE.\"},\"image\":{\"@id\":\"https:\/\/epilogue-bougie.com\/it\/#\/schema\/logo\/image\/\"}}]}<\/script>\n<meta property=\"product:price:amount\" content=\"39.00\" \/>\n<meta property=\"product:price:currency\" content=\"EUR\" \/>\n<meta property=\"og:availability\" content=\"instock\" \/>\n<meta property=\"product:availability\" content=\"instock\" \/>\n<meta property=\"product:retailer_item_id\" content=\"EP-BOUGIE-CHAI\" \/>\n<meta property=\"product:condition\" content=\"new\" \/>\n<!-- \/ Yoast SEO Premium plugin. -->","yoast_head_json":{"title":"Candela profumata Cha\u00ef Imperial - Made in France - \u00c9PILOGUE","description":"La candela \"Cha\u00ef Imperial\" vi porta nel cuore dell'India, dove gli aromi avvincenti del chai speziato si fondono con l'atmosfera vibrante e colorata dei...","robots":{"index":"index","follow":"follow","max-snippet":"max-snippet:-1","max-image-preview":"max-image-preview:large","max-video-preview":"max-video-preview:-1"},"canonical":"https:\/\/epilogue-bougie.com\/it\/p\/bougie-parfumee-chai-imperial\/","og_locale":"it_IT","og_type":"article","og_title":"Candela profumata Cha\u00ef Imperial - Made in France - \u00c9PILOGUE","og_description":"La candela \"Cha\u00ef Imperial\" vi porta nel cuore dell'India, dove gli aromi avvincenti del chai speziato si fondono con l'atmosfera vibrante e colorata dei...","og_url":"https:\/\/epilogue-bougie.com\/it\/p\/bougie-parfumee-chai-imperial\/","og_site_name":"\u00c9PILOGUE.","article_modified_time":"2023-10-14T19:58:00+00:00","og_image":[{"width":1500,"height":1501,"url":"https:\/\/epilogue-bougie.com\/wp-content\/uploads\/2023\/04\/epilogue-chai.jpg","type":"image\/jpeg"}],"twitter_card":"summary_large_image","twitter_title":"<span>Candela profumata<\/span> Cha\u00ef Imp\u00e9rial","twitter_misc":{"Prezzo":"39.00&euro;","Availability":"In stock"},"schema":{"@context":"https:\/\/schema.org","@graph":[{"@type":"WebPage","@id":"https:\/\/epilogue-bougie.com\/it\/p\/bougie-parfumee-chai-imperial\/","url":"https:\/\/epilogue-bougie.com\/it\/p\/bougie-parfumee-chai-imperial\/","name":"Candela profumata Cha\u00ef Imperial - Made in France - \u00c9PILOGUE","isPartOf":{"@id":"https:\/\/epilogue-bougie.com\/it\/#website"},"datePublished":"2023-04-11T14:42:56+00:00","dateModified":"2023-10-14T19:58:00+00:00","description":"La candela \"Cha\u00ef Imperial\" vi porta nel cuore dell'India, dove gli aromi avvincenti del chai speziato si fondono con l'atmosfera vibrante e colorata dei...","breadcrumb":{"@id":"https:\/\/epilogue-bougie.com\/it\/p\/bougie-parfumee-chai-imperial\/#breadcrumb"},"inLanguage":"it-IT","potentialAction":[{"@type":"ReadAction","target":["https:\/\/epilogue-bougie.com\/it\/p\/bougie-parfumee-chai-imperial\/"]}]},{"@type":"BreadcrumbList","@id":"https:\/\/epilogue-bougie.com\/it\/p\/bougie-parfumee-chai-imperial\/#breadcrumb","itemListElement":[{"@type":"ListItem","position":1,"name":"Accueil","item":"https:\/\/epilogue-bougie.com\/it\/"},{"@type":"ListItem","position":2,"name":"Negozio","item":"https:\/\/epilogue-bougie.com\/it\/negozio\/"},{"@type":"ListItem","position":3,"name":"Candela profumata Cha\u00ef Imp\u00e9rial"}]},{"@type":"WebSite","@id":"https:\/\/epilogue-bougie.com\/it\/#website","url":"https:\/\/epilogue-bougie.com\/it\/","name":"\u00c9PILOGUE.","description":"Bougie parfum\u00e9e - Made in France","publisher":{"@id":"https:\/\/epilogue-bougie.com\/it\/#organization"},"potentialAction":[{"@type":"SearchAction","target":{"@type":"EntryPoint","urlTemplate":"https:\/\/epilogue-bougie.com\/it\/?s={search_term_string}"},"query-input":"required name=search_term_string"}],"inLanguage":"it-IT"},{"@type":"Organization","@id":"https:\/\/epilogue-bougie.com\/it\/#organization","name":"\u00c9PILOGUE.","url":"https:\/\/epilogue-bougie.com\/it\/","logo":{"@type":"ImageObject","inLanguage":"it-IT","@id":"https:\/\/epilogue-bougie.com\/it\/#\/schema\/logo\/image\/","url":"https:\/\/i0.wp.com\/epilogue-bougie.com\/wp-content\/uploads\/2023\/04\/logo-carre.jpg?fit=1454%2C1454&ssl=1","contentUrl":"https:\/\/i0.wp.com\/epilogue-bougie.com\/wp-content\/uploads\/2023\/04\/logo-carre.jpg?fit=1454%2C1454&ssl=1","width":1454,"height":1454,"caption":"\u00c9PILOGUE."},"image":{"@id":"https:\/\/epilogue-bougie.com\/it\/#\/schema\/logo\/image\/"}}]},"product_price_amount":"39.00","product_price_currency":"EUR","og_availability":"instock","product_availability":"instock","product_retailer_item_id":"EP-BOUGIE-CHAI","product_condition":"new"},"jetpack_sharing_enabled":true,"_links":{"self":[{"href":"https:\/\/epilogue-bougie.com\/it\/wp-json\/wp\/v2\/product\/7168","targetHints":{"allow":["GET"]}}],"collection":[{"href":"https:\/\/epilogue-bougie.com\/it\/wp-json\/wp\/v2\/product"}],"about":[{"href":"https:\/\/epilogue-bougie.com\/it\/wp-json\/wp\/v2\/types\/product"}],"replies":[{"embeddable":true,"href":"https:\/\/epilogue-bougie.com\/it\/wp-json\/wp\/v2\/comments?post=7168"}],"wp:featuredmedia":[{"embeddable":true,"href":"https:\/\/epilogue-bougie.com\/it\/wp-json\/wp\/v2\/media\/9204"}],"wp:attachment":[{"href":"https:\/\/epilogue-bougie.com\/it\/wp-json\/wp\/v2\/media?parent=7168"}],"wp:term":[{"taxonomy":"product_cat","embeddable":true,"href":"https:\/\/epilogue-bougie.com\/it\/wp-json\/wp\/v2\/product_cat?post=7168"},{"taxonomy":"product_tag","embeddable":true,"href":"https:\/\/epilogue-bougie.com\/it\/wp-json\/wp\/v2\/product_tag?post=7168"}],"curies":[{"name":"wp","href":"https:\/\/api.w.org\/{rel}","templated":true}]}}