{"id":7126,"date":"2023-04-11T16:42:56","date_gmt":"2023-04-11T14:42:56","guid":{"rendered":"https:\/\/epilogue-bougie.com\/p\/bougie-parfumee-chai-imperial\/"},"modified":"2023-10-14T23:02:48","modified_gmt":"2023-10-14T21:02:48","slug":"bougie-parfumee-chai-imperial","status":"publish","type":"product","link":"https:\/\/epilogue-bougie.com\/es\/p\/bougie-parfumee-chai-imperial\/","title":{"rendered":"<span>Vela cl\u00e1sica<\/span> Cha\u00ef Imp\u00e9rial"},"content":{"rendered":"<section class=\"wpb-content-wrapper\"><p>[vc_row el_id=&#8221;descripcion&#8221;][vc_column][vc_tta_accordion style=&#8221;flat&#8221; shape=&#8221;square&#8221; color=&#8221;black&#8221; c_icon=&#8221;chevron&#8221; active_section=&#8221;1&#8243; css=&#8221;.vc_custom_1681080634477{background-color: #0f0f0f !important;}&#8221; el_id=&#8221;menu_desc_fp&#8221;][vc_tta_section title=&#8221;Descripci\u00f3n&#8221; tab_id=&#8221;1681079222630-92b214d8-4cf1&#8243;][vc_column_text]<span style=\"font-weight: 400;\">La vela &#8220;Chai Imperial&#8221; te lleva al coraz\u00f3n de la India, donde los aromas embriagadores del chai especiado se mezclan con la atm\u00f3sfera vibrante y colorida de sus mercados.<\/span><\/p>\n<p><span style=\"font-weight: 400;\">Las notas deliciosas y reconfortantes del t\u00e9 negro y las especias crean una sinfon\u00eda olfativa \u00fanica, fiel a la autenticidad del chai indio.<\/span>[\/vc_column_text][vc_row_inner][vc_column_inner width=&#8221;1\/2&#8243;][vc_column_text]<\/p>\n<ul class=\"check\">\n<li>Fabricado en Francia<\/li>\n<li>F\u00f3rmula vegana<\/li>\n<\/ul>\n<p>[\/vc_column_text][\/vc_column_inner][vc_column_inner width=&#8221;1\/2&#8243;][vc_column_text]<\/p>\n<ul class=\"check\">\n<li>Peso de 180g<\/li>\n<li>Aprox. 45h de combusti\u00f3n<\/li>\n<\/ul>\n<p>[\/vc_column_text][\/vc_column_inner][\/vc_row_inner][\/vc_tta_section][vc_tta_section title=&#8221;Consejos de uso&#8221; tab_id=&#8221;1681079222635-6260741b-8dc4&#8243;][vc_column_text]<\/p>\n<ul>\n<li>En el primer uso, deja arder tu vela de 2 a 3 horas hasta que toda su superficie se vuelva l\u00edquida para permitir que la cera se forme de manera armoniosa y uniforme.<\/li>\n<li>Corta regularmente la mecha (longitud ideal de 3 a 5mm).<\/li>\n<li>Se recomienda ventilar el interior despu\u00e9s de haber encendido una vela.<\/li>\n<\/ul>\n<p>[\/vc_column_text][\/vc_tta_section][vc_tta_section title=&#8221;Env\u00edo &#038; devoluci\u00f3n&#8221; tab_id=&#8221;1681120262424-4fc26ea5-6e40&#8243;][vc_column_text]<\/p>\n<h5><img decoding=\"async\" class=\"aligncenter wp-image-6994 size-medium\" style=\"margin-bottom: 25px;\" src=\"https:\/\/i0.wp.com\/epilogue-bougie.com\/wp-content\/uploads\/2023\/10\/epilogue-hd-expe1-06165.jpg?resize=300%2C300&#038;ssl=1\" alt=\"Oferta especial\" width=\"300\" height=\"300\" srcset=\"https:\/\/i0.wp.com\/epilogue-bougie.com\/wp-content\/uploads\/2023\/10\/epilogue-hd-expe1-06165.jpg?resize=300%2C300&amp;ssl=1 300w, https:\/\/i0.wp.com\/epilogue-bougie.com\/wp-content\/uploads\/2023\/10\/epilogue-hd-expe1-06165.jpg?resize=1024%2C1024&amp;ssl=1 1024w, https:\/\/i0.wp.com\/epilogue-bougie.com\/wp-content\/uploads\/2023\/10\/epilogue-hd-expe1-06165.jpg?resize=150%2C150&amp;ssl=1 150w, https:\/\/i0.wp.com\/epilogue-bougie.com\/wp-content\/uploads\/2023\/10\/epilogue-hd-expe1-06165.jpg?resize=768%2C768&amp;ssl=1 768w, https:\/\/i0.wp.com\/epilogue-bougie.com\/wp-content\/uploads\/2023\/10\/epilogue-hd-expe1-06165.jpg?resize=60%2C60&amp;ssl=1 60w, https:\/\/i0.wp.com\/epilogue-bougie.com\/wp-content\/uploads\/2023\/10\/epilogue-hd-expe1-06165.jpg?resize=110%2C110&amp;ssl=1 110w, https:\/\/i0.wp.com\/epilogue-bougie.com\/wp-content\/uploads\/2023\/10\/epilogue-hd-expe1-06165.jpg?resize=100%2C100&amp;ssl=1 100w, https:\/\/i0.wp.com\/epilogue-bougie.com\/wp-content\/uploads\/2023\/10\/epilogue-hd-expe1-06165.jpg?resize=32%2C32&amp;ssl=1 32w, https:\/\/i0.wp.com\/epilogue-bougie.com\/wp-content\/uploads\/2023\/10\/epilogue-hd-expe1-06165.jpg?w=1200&amp;ssl=1 1200w\" sizes=\"(max-width: 300px) 100vw, 300px\" data-recalc-dims=\"1\" \/><\/h5>\n<h5>Env\u00edo (Francia Metropolitana)<\/h5>\n<ul>\n<li><strong>Entrega a domicilio<\/strong><br \/>\n&#8211; Entrega en tu domicilio en 6 d\u00edas laborables por 7,90\u20ac<br \/>\n&#8211; Gratis para pedidos superiores a 75\u20ac<\/li>\n<\/ul>\n<h5 style=\"margin-top: 20px;\">Devoluci\u00f3n<\/h5>\n<ul>\n<li>Puedes devolver un producto dentro de los 30 d\u00edas posteriores a su entrega.<\/li>\n<li>Ten en cuenta que todos los art\u00edculos deben ser devueltos sin usar, en su embalaje original. Si los productos devueltos no est\u00e1n en condiciones de ser vendidos, es posible que no aceptemos tu devoluci\u00f3n.<\/li>\n<\/ul>\n<p>[\/vc_column_text][\/vc_tta_section][\/vc_tta_accordion][\/vc_column][\/vc_row]<\/p>\n<\/section>","protected":false},"excerpt":{"rendered":"<p>La vela &#8220;Chai Imperial&#8221; te lleva al coraz\u00f3n de la India, donde los aromas embriagadores del chai especiado se mezclan con la atm\u00f3sfera vibrante y colorida de sus mercados (&#8230;) <a class=\"fp_ensavoir\" href=\"#desciption\">Leer maas<\/a><\/p>\n","protected":false},"featured_media":9206,"comment_status":"closed","ping_status":"closed","template":"","meta":[],"product_cat":[126],"product_tag":[],"class_list":["post-7126","product","type-product","status-publish","has-post-thumbnail","hentry","product_cat-bougie-parfumee-es"],"yoast_head":"<!-- This site is optimized with the Yoast SEO Premium plugin v20.3 (Yoast SEO v21.4) - https:\/\/yoast.com\/wordpress\/plugins\/seo\/ -->\n<title>Vela arom\u00e1tica Cha\u00ef Imperial - Made in France - EPILOGUE.<\/title>\n<meta name=\"description\" content=\"La vela &quot;Cha\u00ef Imperial&quot; te lleva al coraz\u00f3n de la India, donde los embriagadores aromas del chai especiado se entrelazan con la atm\u00f3sfera vibrante y ...\" \/>\n<meta name=\"robots\" content=\"index, follow, max-snippet:-1, max-image-preview:large, max-video-preview:-1\" \/>\n<link rel=\"canonical\" href=\"https:\/\/epilogue-bougie.com\/es\/p\/bougie-parfumee-chai-imperial\/\" \/>\n<meta property=\"og:locale\" content=\"es_ES\" \/>\n<meta property=\"og:type\" content=\"article\" \/>\n<meta property=\"og:title\" content=\"Vela arom\u00e1tica Cha\u00ef Imperial - Made in France - EPILOGUE.\" \/>\n<meta property=\"og:description\" content=\"La vela &quot;Cha\u00ef Imperial&quot; te lleva al coraz\u00f3n de la India, donde los embriagadores aromas del chai especiado se entrelazan con la atm\u00f3sfera vibrante y colorida de sus mercados...\" \/>\n<meta property=\"og:url\" content=\"https:\/\/epilogue-bougie.com\/es\/p\/bougie-parfumee-chai-imperial\/\" \/>\n<meta property=\"og:site_name\" content=\"\u00c9PILOGUE.\" \/>\n<meta property=\"article:modified_time\" content=\"2023-10-14T21:02:48+00:00\" \/>\n<meta property=\"og:image\" content=\"https:\/\/epilogue-bougie.com\/wp-content\/uploads\/2023\/04\/epilogue-chai.jpg\" \/>\n\t<meta property=\"og:image:width\" content=\"1500\" \/>\n\t<meta property=\"og:image:height\" content=\"1501\" \/>\n\t<meta property=\"og:image:type\" content=\"image\/jpeg\" \/>\n<meta name=\"twitter:card\" content=\"summary_large_image\" \/>\n<meta name=\"twitter:title\" content=\"&lt;span&gt;Vela cl\u00e1sica&lt;\/span&gt; Cha\u00ef Imp\u00e9rial\" \/>\n<meta name=\"twitter:label1\" content=\"Precio\" \/>\n\t<meta name=\"twitter:data1\" content=\"39.00&euro;\" \/>\n\t<meta name=\"twitter:label2\" content=\"Availability\" \/>\n\t<meta name=\"twitter:data2\" content=\"In stock\" \/>\n<script type=\"application\/ld+json\" class=\"yoast-schema-graph\">{\"@context\":\"https:\/\/schema.org\",\"@graph\":[{\"@type\":\"WebPage\",\"@id\":\"https:\/\/epilogue-bougie.com\/es\/p\/bougie-parfumee-chai-imperial\/\",\"url\":\"https:\/\/epilogue-bougie.com\/es\/p\/bougie-parfumee-chai-imperial\/\",\"name\":\"Vela arom\u00e1tica Cha\u00ef Imperial - Made in France - EPILOGUE.\",\"isPartOf\":{\"@id\":\"https:\/\/epilogue-bougie.com\/es\/#website\"},\"datePublished\":\"2023-04-11T14:42:56+00:00\",\"dateModified\":\"2023-10-14T21:02:48+00:00\",\"description\":\"La vela \\\"Cha\u00ef Imperial\\\" te lleva al coraz\u00f3n de la India, donde los embriagadores aromas del chai especiado se entrelazan con la atm\u00f3sfera vibrante y ...\",\"breadcrumb\":{\"@id\":\"https:\/\/epilogue-bougie.com\/es\/p\/bougie-parfumee-chai-imperial\/#breadcrumb\"},\"inLanguage\":\"es\",\"potentialAction\":[{\"@type\":\"ReadAction\",\"target\":[\"https:\/\/epilogue-bougie.com\/es\/p\/bougie-parfumee-chai-imperial\/\"]}]},{\"@type\":\"BreadcrumbList\",\"@id\":\"https:\/\/epilogue-bougie.com\/es\/p\/bougie-parfumee-chai-imperial\/#breadcrumb\",\"itemListElement\":[{\"@type\":\"ListItem\",\"position\":1,\"name\":\"Accueil\",\"item\":\"https:\/\/epilogue-bougie.com\/es\/\"},{\"@type\":\"ListItem\",\"position\":2,\"name\":\"Tienda\",\"item\":\"https:\/\/epilogue-bougie.com\/es\/tienda\/\"},{\"@type\":\"ListItem\",\"position\":3,\"name\":\"Vela cl\u00e1sica Cha\u00ef Imp\u00e9rial\"}]},{\"@type\":\"WebSite\",\"@id\":\"https:\/\/epilogue-bougie.com\/es\/#website\",\"url\":\"https:\/\/epilogue-bougie.com\/es\/\",\"name\":\"\u00c9PILOGUE.\",\"description\":\"Bougie parfum\u00e9e - Made in France\",\"publisher\":{\"@id\":\"https:\/\/epilogue-bougie.com\/es\/#organization\"},\"potentialAction\":[{\"@type\":\"SearchAction\",\"target\":{\"@type\":\"EntryPoint\",\"urlTemplate\":\"https:\/\/epilogue-bougie.com\/es\/?s={search_term_string}\"},\"query-input\":\"required name=search_term_string\"}],\"inLanguage\":\"es\"},{\"@type\":\"Organization\",\"@id\":\"https:\/\/epilogue-bougie.com\/es\/#organization\",\"name\":\"\u00c9PILOGUE.\",\"url\":\"https:\/\/epilogue-bougie.com\/es\/\",\"logo\":{\"@type\":\"ImageObject\",\"inLanguage\":\"es\",\"@id\":\"https:\/\/epilogue-bougie.com\/es\/#\/schema\/logo\/image\/\",\"url\":\"https:\/\/i0.wp.com\/epilogue-bougie.com\/wp-content\/uploads\/2023\/04\/logo-carre.jpg?fit=1454%2C1454&ssl=1\",\"contentUrl\":\"https:\/\/i0.wp.com\/epilogue-bougie.com\/wp-content\/uploads\/2023\/04\/logo-carre.jpg?fit=1454%2C1454&ssl=1\",\"width\":1454,\"height\":1454,\"caption\":\"\u00c9PILOGUE.\"},\"image\":{\"@id\":\"https:\/\/epilogue-bougie.com\/es\/#\/schema\/logo\/image\/\"}}]}<\/script>\n<meta property=\"product:price:amount\" content=\"39.00\" \/>\n<meta property=\"product:price:currency\" content=\"EUR\" \/>\n<meta property=\"og:availability\" content=\"instock\" \/>\n<meta property=\"product:availability\" content=\"instock\" \/>\n<meta property=\"product:retailer_item_id\" content=\"EP-BOUGIE-CHAI\" \/>\n<meta property=\"product:condition\" content=\"new\" \/>\n<!-- \/ Yoast SEO Premium plugin. -->","yoast_head_json":{"title":"Vela arom\u00e1tica Cha\u00ef Imperial - Made in France - EPILOGUE.","description":"La vela \"Cha\u00ef Imperial\" te lleva al coraz\u00f3n de la India, donde los embriagadores aromas del chai especiado se entrelazan con la atm\u00f3sfera vibrante y ...","robots":{"index":"index","follow":"follow","max-snippet":"max-snippet:-1","max-image-preview":"max-image-preview:large","max-video-preview":"max-video-preview:-1"},"canonical":"https:\/\/epilogue-bougie.com\/es\/p\/bougie-parfumee-chai-imperial\/","og_locale":"es_ES","og_type":"article","og_title":"Vela arom\u00e1tica Cha\u00ef Imperial - Made in France - EPILOGUE.","og_description":"La vela \"Cha\u00ef Imperial\" te lleva al coraz\u00f3n de la India, donde los embriagadores aromas del chai especiado se entrelazan con la atm\u00f3sfera vibrante y colorida de sus mercados...","og_url":"https:\/\/epilogue-bougie.com\/es\/p\/bougie-parfumee-chai-imperial\/","og_site_name":"\u00c9PILOGUE.","article_modified_time":"2023-10-14T21:02:48+00:00","og_image":[{"width":1500,"height":1501,"url":"https:\/\/epilogue-bougie.com\/wp-content\/uploads\/2023\/04\/epilogue-chai.jpg","type":"image\/jpeg"}],"twitter_card":"summary_large_image","twitter_title":"<span>Vela cl\u00e1sica<\/span> Cha\u00ef Imp\u00e9rial","twitter_misc":{"Precio":"39.00&euro;","Availability":"In stock"},"schema":{"@context":"https:\/\/schema.org","@graph":[{"@type":"WebPage","@id":"https:\/\/epilogue-bougie.com\/es\/p\/bougie-parfumee-chai-imperial\/","url":"https:\/\/epilogue-bougie.com\/es\/p\/bougie-parfumee-chai-imperial\/","name":"Vela arom\u00e1tica Cha\u00ef Imperial - Made in France - EPILOGUE.","isPartOf":{"@id":"https:\/\/epilogue-bougie.com\/es\/#website"},"datePublished":"2023-04-11T14:42:56+00:00","dateModified":"2023-10-14T21:02:48+00:00","description":"La vela \"Cha\u00ef Imperial\" te lleva al coraz\u00f3n de la India, donde los embriagadores aromas del chai especiado se entrelazan con la atm\u00f3sfera vibrante y ...","breadcrumb":{"@id":"https:\/\/epilogue-bougie.com\/es\/p\/bougie-parfumee-chai-imperial\/#breadcrumb"},"inLanguage":"es","potentialAction":[{"@type":"ReadAction","target":["https:\/\/epilogue-bougie.com\/es\/p\/bougie-parfumee-chai-imperial\/"]}]},{"@type":"BreadcrumbList","@id":"https:\/\/epilogue-bougie.com\/es\/p\/bougie-parfumee-chai-imperial\/#breadcrumb","itemListElement":[{"@type":"ListItem","position":1,"name":"Accueil","item":"https:\/\/epilogue-bougie.com\/es\/"},{"@type":"ListItem","position":2,"name":"Tienda","item":"https:\/\/epilogue-bougie.com\/es\/tienda\/"},{"@type":"ListItem","position":3,"name":"Vela cl\u00e1sica Cha\u00ef Imp\u00e9rial"}]},{"@type":"WebSite","@id":"https:\/\/epilogue-bougie.com\/es\/#website","url":"https:\/\/epilogue-bougie.com\/es\/","name":"\u00c9PILOGUE.","description":"Bougie parfum\u00e9e - Made in France","publisher":{"@id":"https:\/\/epilogue-bougie.com\/es\/#organization"},"potentialAction":[{"@type":"SearchAction","target":{"@type":"EntryPoint","urlTemplate":"https:\/\/epilogue-bougie.com\/es\/?s={search_term_string}"},"query-input":"required name=search_term_string"}],"inLanguage":"es"},{"@type":"Organization","@id":"https:\/\/epilogue-bougie.com\/es\/#organization","name":"\u00c9PILOGUE.","url":"https:\/\/epilogue-bougie.com\/es\/","logo":{"@type":"ImageObject","inLanguage":"es","@id":"https:\/\/epilogue-bougie.com\/es\/#\/schema\/logo\/image\/","url":"https:\/\/i0.wp.com\/epilogue-bougie.com\/wp-content\/uploads\/2023\/04\/logo-carre.jpg?fit=1454%2C1454&ssl=1","contentUrl":"https:\/\/i0.wp.com\/epilogue-bougie.com\/wp-content\/uploads\/2023\/04\/logo-carre.jpg?fit=1454%2C1454&ssl=1","width":1454,"height":1454,"caption":"\u00c9PILOGUE."},"image":{"@id":"https:\/\/epilogue-bougie.com\/es\/#\/schema\/logo\/image\/"}}]},"product_price_amount":"39.00","product_price_currency":"EUR","og_availability":"instock","product_availability":"instock","product_retailer_item_id":"EP-BOUGIE-CHAI","product_condition":"new"},"jetpack_sharing_enabled":true,"_links":{"self":[{"href":"https:\/\/epilogue-bougie.com\/es\/wp-json\/wp\/v2\/product\/7126","targetHints":{"allow":["GET"]}}],"collection":[{"href":"https:\/\/epilogue-bougie.com\/es\/wp-json\/wp\/v2\/product"}],"about":[{"href":"https:\/\/epilogue-bougie.com\/es\/wp-json\/wp\/v2\/types\/product"}],"replies":[{"embeddable":true,"href":"https:\/\/epilogue-bougie.com\/es\/wp-json\/wp\/v2\/comments?post=7126"}],"wp:featuredmedia":[{"embeddable":true,"href":"https:\/\/epilogue-bougie.com\/es\/wp-json\/wp\/v2\/media\/9206"}],"wp:attachment":[{"href":"https:\/\/epilogue-bougie.com\/es\/wp-json\/wp\/v2\/media?parent=7126"}],"wp:term":[{"taxonomy":"product_cat","embeddable":true,"href":"https:\/\/epilogue-bougie.com\/es\/wp-json\/wp\/v2\/product_cat?post=7126"},{"taxonomy":"product_tag","embeddable":true,"href":"https:\/\/epilogue-bougie.com\/es\/wp-json\/wp\/v2\/product_tag?post=7126"}],"curies":[{"name":"wp","href":"https:\/\/api.w.org\/{rel}","templated":true}]}}