{"id":7146,"date":"2023-04-11T16:42:56","date_gmt":"2023-04-11T14:42:56","guid":{"rendered":"https:\/\/epilogue-bougie.com\/p\/bougie-parfumee-chai-imperial\/"},"modified":"2023-10-14T22:56:21","modified_gmt":"2023-10-14T20:56:21","slug":"bougie-parfumee-chai-imperial","status":"publish","type":"product","link":"https:\/\/epilogue-bougie.com\/de\/p\/bougie-parfumee-chai-imperial\/","title":{"rendered":"<span>Kerzen<\/span> Cha\u00ef Imp\u00e9rial <span class=\"titre_trad\">(Kaiserlicher Cha\u00ef)<\/span>"},"content":{"rendered":"<section class=\"wpb-content-wrapper\"><p>[vc_row el_id=&#8221;desciption&#8221;][vc_column][vc_tta_accordion style=&#8221;flat&#8221; shape=&#8221;square&#8221; color=&#8221;black&#8221; c_icon=&#8221;chevron&#8221; active_section=&#8221;1&#8243; css=&#8221;.vc_custom_1681080634477{background-color: #0f0f0f !important;}&#8221; el_id=&#8221;menu_desc_fp&#8221;][vc_tta_section title=&#8221;Beschreibung&#8221; tab_id=&#8221;1681079222630-92b214d8-4cf1&#8243;][vc_column_text]<br \/>\n<span style=\"font-weight: 400;\">Die Kerze &#8220;Kaiserlicher Cha\u00ef&#8221; entf\u00fchrt Sie ins Herz Indiens, wo die berauschenden Aromen des w\u00fcrzigen Chais sich mit der pulsierenden und farbenfrohen Atmosph\u00e4re seiner M\u00e4rkte vermischen.<\/span><\/p>\n<p><span style=\"font-weight: 400;\">Die k\u00f6stlichen und wohltuenden Noten von schwarzem Tee und Gew\u00fcrzen kreieren eine einzigartige Duftsymphonie, die der Authentizit\u00e4t des indischen Chais treu bleibt.<\/span><br \/>\n[\/vc_column_text][vc_row_inner][vc_column_inner width=&#8221;1\/2&#8243;][vc_column_text]<\/p>\n<ul class=\"check\">\n<li>Hergestellt in Frankreich<\/li>\n<li>Vegane Formel<\/li>\n<\/ul>\n<p>[\/vc_column_text][\/vc_column_inner][vc_column_inner width=&#8221;1\/2&#8243;][vc_column_text]<\/p>\n<ul class=\"check\">\n<li>Gewicht von 180g<\/li>\n<li>Ca. 45h Brenndauer<\/li>\n<\/ul>\n<p>[\/vc_column_text][\/vc_column_inner][\/vc_row_inner][\/vc_tta_section][vc_tta_section title=&#8221;Anwendungstipps&#8221; tab_id=&#8221;1681079222635-6260741b-8dc4&#8243;][vc_column_text]<\/p>\n<ul>\n<li>Bei der ersten Anwendung lassen Sie Ihre Kerze 2 bis 3 Stunden brennen, bis die gesamte Oberfl\u00e4che fl\u00fcssig wird, um sicherzustellen, dass das Wachs gleichm\u00e4\u00dfig abbrennt.<\/li>\n<li>Regelm\u00e4\u00dfig den Docht schneiden (ideale L\u00e4nge von 3 bis 5mm).<\/li>\n<li>Es wird empfohlen, den Raum zu l\u00fcften, nachdem Sie eine Kerze angez\u00fcndet haben.<\/li>\n<\/ul>\n<p>[\/vc_column_text][\/vc_tta_section][vc_tta_section title=&#8221;Lieferung &amp; R\u00fcckgabe&#8221; tab_id=&#8221;1681120262424-4fc26ea5-6e40&#8243;][vc_column_text]<\/p>\n<h5><img decoding=\"async\" class=\"aligncenter wp-image-6994 size-medium\" style=\"margin-bottom: 25px;\" src=\"https:\/\/i0.wp.com\/epilogue-bougie.com\/wp-content\/uploads\/2023\/10\/epilogue-hd-expe1-06165.jpg?resize=300%2C300&#038;ssl=1\" alt=\"Spezialangebot\" width=\"300\" height=\"300\" srcset=\"https:\/\/i0.wp.com\/epilogue-bougie.com\/wp-content\/uploads\/2023\/10\/epilogue-hd-expe1-06165.jpg?resize=300%2C300&amp;ssl=1 300w, https:\/\/i0.wp.com\/epilogue-bougie.com\/wp-content\/uploads\/2023\/10\/epilogue-hd-expe1-06165.jpg?resize=1024%2C1024&amp;ssl=1 1024w, https:\/\/i0.wp.com\/epilogue-bougie.com\/wp-content\/uploads\/2023\/10\/epilogue-hd-expe1-06165.jpg?resize=150%2C150&amp;ssl=1 150w, https:\/\/i0.wp.com\/epilogue-bougie.com\/wp-content\/uploads\/2023\/10\/epilogue-hd-expe1-06165.jpg?resize=768%2C768&amp;ssl=1 768w, https:\/\/i0.wp.com\/epilogue-bougie.com\/wp-content\/uploads\/2023\/10\/epilogue-hd-expe1-06165.jpg?resize=60%2C60&amp;ssl=1 60w, https:\/\/i0.wp.com\/epilogue-bougie.com\/wp-content\/uploads\/2023\/10\/epilogue-hd-expe1-06165.jpg?resize=110%2C110&amp;ssl=1 110w, https:\/\/i0.wp.com\/epilogue-bougie.com\/wp-content\/uploads\/2023\/10\/epilogue-hd-expe1-06165.jpg?resize=100%2C100&amp;ssl=1 100w, https:\/\/i0.wp.com\/epilogue-bougie.com\/wp-content\/uploads\/2023\/10\/epilogue-hd-expe1-06165.jpg?resize=32%2C32&amp;ssl=1 32w, https:\/\/i0.wp.com\/epilogue-bougie.com\/wp-content\/uploads\/2023\/10\/epilogue-hd-expe1-06165.jpg?w=1200&amp;ssl=1 1200w\" sizes=\"(max-width: 300px) 100vw, 300px\" data-recalc-dims=\"1\" \/><\/h5>\n<h5>Lieferung (Europe)<\/h5>\n<ul>\n<li><strong>Zustellung nach Hause<\/strong><br \/>\n&#8211; Lieferung zu Ihnen nach Hause in 6 Werktagen f\u00fcr 7,90\u20ac<br \/>\n&#8211; Kostenlos ab einem Bestellwert von 75\u20ac<\/li>\n<\/ul>\n<h5 style=\"margin-top: 20px;\">R\u00fcckkehr<\/h5>\n<ul>\n<li>Sie k\u00f6nnen ein Produkt innerhalb von 30 Tagen nach Lieferung zur\u00fcckgeben.<\/li>\n<li>Bitte beachten Sie, dass alle zur\u00fcckgesendeten Artikel unbenutzt und in ihrer Originalverpackung sein m\u00fcssen. Wenn die zur\u00fcckgegebenen Waren nicht in einem wiederverkaufsf\u00e4higen Zustand sind, k\u00f6nnen wir Ihre R\u00fccksendung m\u00f6glicherweise nicht akzeptieren.<\/li>\n<\/ul>\n<p>[\/vc_column_text][\/vc_tta_section][\/vc_tta_accordion][\/vc_column][\/vc_row]<\/p>\n<\/section>","protected":false},"excerpt":{"rendered":"<p>Die Kerze &#8220;Kaiserlicher Cha\u00ef&#8221; entf\u00fchrt Sie ins Herz Indiens, wo die berauschenden Aromen des w\u00fcrzigen Chais sich mit der pulsierenden und farbenfrohen Atmosph\u00e4re seiner M\u00e4rkte vermischen (&#8230;) <a class=\"fp_ensavoir\" href=\"#desciption\">Mehr lesen<\/a><\/p>\n","protected":false},"featured_media":9203,"comment_status":"closed","ping_status":"closed","template":"","meta":[],"product_cat":[130],"product_tag":[],"class_list":["post-7146","product","type-product","status-publish","has-post-thumbnail","hentry","product_cat-bougie-parfumee-de"],"yoast_head":"<!-- This site is optimized with the Yoast SEO Premium plugin v20.3 (Yoast SEO v21.4) - https:\/\/yoast.com\/wordpress\/plugins\/seo\/ -->\n<title>Duftkerze Kaiserlicher Cha\u00ef - Made in France - EPILOGUE.<\/title>\n<meta name=\"description\" content=\"Die Kerze &quot;Kaiserlicher Cha\u00ef&quot; entf\u00fchrt Sie ins Herz Indiens, wo die berauschenden Aromen des w\u00fcrzigen Chais sich mit der pulsierenden und farbenfrohen...\" \/>\n<meta name=\"robots\" content=\"index, follow, max-snippet:-1, max-image-preview:large, max-video-preview:-1\" \/>\n<link rel=\"canonical\" href=\"https:\/\/epilogue-bougie.com\/de\/p\/bougie-parfumee-chai-imperial\/\" \/>\n<meta property=\"og:locale\" content=\"de_DE\" \/>\n<meta property=\"og:type\" content=\"article\" \/>\n<meta property=\"og:title\" content=\"Duftkerze Kaiserlicher Cha\u00ef - Made in France - EPILOGUE.\" \/>\n<meta property=\"og:description\" content=\"Die Kerze &quot;Kaiserlicher Cha\u00ef&quot; entf\u00fchrt Sie ins Herz Indiens, wo die berauschenden Aromen des w\u00fcrzigen Chais sich mit der pulsierenden und farbenfrohen...\" \/>\n<meta property=\"og:url\" content=\"https:\/\/epilogue-bougie.com\/de\/p\/bougie-parfumee-chai-imperial\/\" \/>\n<meta property=\"og:site_name\" content=\"\u00c9PILOGUE.\" \/>\n<meta property=\"article:modified_time\" content=\"2023-10-14T20:56:21+00:00\" \/>\n<meta property=\"og:image\" content=\"https:\/\/epilogue-bougie.com\/wp-content\/uploads\/2023\/04\/epilogue-chai.jpg\" \/>\n\t<meta property=\"og:image:width\" content=\"1500\" \/>\n\t<meta property=\"og:image:height\" content=\"1501\" \/>\n\t<meta property=\"og:image:type\" content=\"image\/jpeg\" \/>\n<meta name=\"twitter:card\" content=\"summary_large_image\" \/>\n<meta name=\"twitter:title\" content=\"&lt;span&gt;Kerzen&lt;\/span&gt; Cha\u00ef Imp\u00e9rial &lt;span class=&quot;titre_trad&quot;&gt;(Kaiserlicher Cha\u00ef)&lt;\/span&gt;\" \/>\n<meta name=\"twitter:label1\" content=\"Preis\" \/>\n\t<meta name=\"twitter:data1\" content=\"39.00&euro;\" \/>\n\t<meta name=\"twitter:label2\" content=\"Availability\" \/>\n\t<meta name=\"twitter:data2\" content=\"In stock\" \/>\n<script type=\"application\/ld+json\" class=\"yoast-schema-graph\">{\"@context\":\"https:\/\/schema.org\",\"@graph\":[{\"@type\":\"WebPage\",\"@id\":\"https:\/\/epilogue-bougie.com\/de\/p\/bougie-parfumee-chai-imperial\/\",\"url\":\"https:\/\/epilogue-bougie.com\/de\/p\/bougie-parfumee-chai-imperial\/\",\"name\":\"Duftkerze Kaiserlicher Cha\u00ef - Made in France - EPILOGUE.\",\"isPartOf\":{\"@id\":\"https:\/\/epilogue-bougie.com\/de\/#website\"},\"datePublished\":\"2023-04-11T14:42:56+00:00\",\"dateModified\":\"2023-10-14T20:56:21+00:00\",\"description\":\"Die Kerze \\\"Kaiserlicher Cha\u00ef\\\" entf\u00fchrt Sie ins Herz Indiens, wo die berauschenden Aromen des w\u00fcrzigen Chais sich mit der pulsierenden und farbenfrohen...\",\"breadcrumb\":{\"@id\":\"https:\/\/epilogue-bougie.com\/de\/p\/bougie-parfumee-chai-imperial\/#breadcrumb\"},\"inLanguage\":\"de\",\"potentialAction\":[{\"@type\":\"ReadAction\",\"target\":[\"https:\/\/epilogue-bougie.com\/de\/p\/bougie-parfumee-chai-imperial\/\"]}]},{\"@type\":\"BreadcrumbList\",\"@id\":\"https:\/\/epilogue-bougie.com\/de\/p\/bougie-parfumee-chai-imperial\/#breadcrumb\",\"itemListElement\":[{\"@type\":\"ListItem\",\"position\":1,\"name\":\"Accueil\",\"item\":\"https:\/\/epilogue-bougie.com\/de\/\"},{\"@type\":\"ListItem\",\"position\":2,\"name\":\"Shop\",\"item\":\"https:\/\/epilogue-bougie.com\/de\/shop-2\/\"},{\"@type\":\"ListItem\",\"position\":3,\"name\":\"Kerzen Cha\u00ef Imp\u00e9rial (Kaiserlicher Cha\u00ef)\"}]},{\"@type\":\"WebSite\",\"@id\":\"https:\/\/epilogue-bougie.com\/de\/#website\",\"url\":\"https:\/\/epilogue-bougie.com\/de\/\",\"name\":\"\u00c9PILOGUE.\",\"description\":\"Bougie parfum\u00e9e - Made in France\",\"publisher\":{\"@id\":\"https:\/\/epilogue-bougie.com\/de\/#organization\"},\"potentialAction\":[{\"@type\":\"SearchAction\",\"target\":{\"@type\":\"EntryPoint\",\"urlTemplate\":\"https:\/\/epilogue-bougie.com\/de\/?s={search_term_string}\"},\"query-input\":\"required name=search_term_string\"}],\"inLanguage\":\"de\"},{\"@type\":\"Organization\",\"@id\":\"https:\/\/epilogue-bougie.com\/de\/#organization\",\"name\":\"\u00c9PILOGUE.\",\"url\":\"https:\/\/epilogue-bougie.com\/de\/\",\"logo\":{\"@type\":\"ImageObject\",\"inLanguage\":\"de\",\"@id\":\"https:\/\/epilogue-bougie.com\/de\/#\/schema\/logo\/image\/\",\"url\":\"https:\/\/i0.wp.com\/epilogue-bougie.com\/wp-content\/uploads\/2023\/04\/logo-carre.jpg?fit=1454%2C1454&ssl=1\",\"contentUrl\":\"https:\/\/i0.wp.com\/epilogue-bougie.com\/wp-content\/uploads\/2023\/04\/logo-carre.jpg?fit=1454%2C1454&ssl=1\",\"width\":1454,\"height\":1454,\"caption\":\"\u00c9PILOGUE.\"},\"image\":{\"@id\":\"https:\/\/epilogue-bougie.com\/de\/#\/schema\/logo\/image\/\"}}]}<\/script>\n<meta property=\"product:price:amount\" content=\"39.00\" \/>\n<meta property=\"product:price:currency\" content=\"EUR\" \/>\n<meta property=\"og:availability\" content=\"instock\" \/>\n<meta property=\"product:availability\" content=\"instock\" \/>\n<meta property=\"product:retailer_item_id\" content=\"EP-BOUGIE-CHAI\" \/>\n<meta property=\"product:condition\" content=\"new\" \/>\n<!-- \/ Yoast SEO Premium plugin. -->","yoast_head_json":{"title":"Duftkerze Kaiserlicher Cha\u00ef - Made in France - EPILOGUE.","description":"Die Kerze \"Kaiserlicher Cha\u00ef\" entf\u00fchrt Sie ins Herz Indiens, wo die berauschenden Aromen des w\u00fcrzigen Chais sich mit der pulsierenden und farbenfrohen...","robots":{"index":"index","follow":"follow","max-snippet":"max-snippet:-1","max-image-preview":"max-image-preview:large","max-video-preview":"max-video-preview:-1"},"canonical":"https:\/\/epilogue-bougie.com\/de\/p\/bougie-parfumee-chai-imperial\/","og_locale":"de_DE","og_type":"article","og_title":"Duftkerze Kaiserlicher Cha\u00ef - Made in France - EPILOGUE.","og_description":"Die Kerze \"Kaiserlicher Cha\u00ef\" entf\u00fchrt Sie ins Herz Indiens, wo die berauschenden Aromen des w\u00fcrzigen Chais sich mit der pulsierenden und farbenfrohen...","og_url":"https:\/\/epilogue-bougie.com\/de\/p\/bougie-parfumee-chai-imperial\/","og_site_name":"\u00c9PILOGUE.","article_modified_time":"2023-10-14T20:56:21+00:00","og_image":[{"width":1500,"height":1501,"url":"https:\/\/epilogue-bougie.com\/wp-content\/uploads\/2023\/04\/epilogue-chai.jpg","type":"image\/jpeg"}],"twitter_card":"summary_large_image","twitter_title":"<span>Kerzen<\/span> Cha\u00ef Imp\u00e9rial <span class=\"titre_trad\">(Kaiserlicher Cha\u00ef)<\/span>","twitter_misc":{"Preis":"39.00&euro;","Availability":"In stock"},"schema":{"@context":"https:\/\/schema.org","@graph":[{"@type":"WebPage","@id":"https:\/\/epilogue-bougie.com\/de\/p\/bougie-parfumee-chai-imperial\/","url":"https:\/\/epilogue-bougie.com\/de\/p\/bougie-parfumee-chai-imperial\/","name":"Duftkerze Kaiserlicher Cha\u00ef - Made in France - EPILOGUE.","isPartOf":{"@id":"https:\/\/epilogue-bougie.com\/de\/#website"},"datePublished":"2023-04-11T14:42:56+00:00","dateModified":"2023-10-14T20:56:21+00:00","description":"Die Kerze \"Kaiserlicher Cha\u00ef\" entf\u00fchrt Sie ins Herz Indiens, wo die berauschenden Aromen des w\u00fcrzigen Chais sich mit der pulsierenden und farbenfrohen...","breadcrumb":{"@id":"https:\/\/epilogue-bougie.com\/de\/p\/bougie-parfumee-chai-imperial\/#breadcrumb"},"inLanguage":"de","potentialAction":[{"@type":"ReadAction","target":["https:\/\/epilogue-bougie.com\/de\/p\/bougie-parfumee-chai-imperial\/"]}]},{"@type":"BreadcrumbList","@id":"https:\/\/epilogue-bougie.com\/de\/p\/bougie-parfumee-chai-imperial\/#breadcrumb","itemListElement":[{"@type":"ListItem","position":1,"name":"Accueil","item":"https:\/\/epilogue-bougie.com\/de\/"},{"@type":"ListItem","position":2,"name":"Shop","item":"https:\/\/epilogue-bougie.com\/de\/shop-2\/"},{"@type":"ListItem","position":3,"name":"Kerzen Cha\u00ef Imp\u00e9rial (Kaiserlicher Cha\u00ef)"}]},{"@type":"WebSite","@id":"https:\/\/epilogue-bougie.com\/de\/#website","url":"https:\/\/epilogue-bougie.com\/de\/","name":"\u00c9PILOGUE.","description":"Bougie parfum\u00e9e - Made in France","publisher":{"@id":"https:\/\/epilogue-bougie.com\/de\/#organization"},"potentialAction":[{"@type":"SearchAction","target":{"@type":"EntryPoint","urlTemplate":"https:\/\/epilogue-bougie.com\/de\/?s={search_term_string}"},"query-input":"required name=search_term_string"}],"inLanguage":"de"},{"@type":"Organization","@id":"https:\/\/epilogue-bougie.com\/de\/#organization","name":"\u00c9PILOGUE.","url":"https:\/\/epilogue-bougie.com\/de\/","logo":{"@type":"ImageObject","inLanguage":"de","@id":"https:\/\/epilogue-bougie.com\/de\/#\/schema\/logo\/image\/","url":"https:\/\/i0.wp.com\/epilogue-bougie.com\/wp-content\/uploads\/2023\/04\/logo-carre.jpg?fit=1454%2C1454&ssl=1","contentUrl":"https:\/\/i0.wp.com\/epilogue-bougie.com\/wp-content\/uploads\/2023\/04\/logo-carre.jpg?fit=1454%2C1454&ssl=1","width":1454,"height":1454,"caption":"\u00c9PILOGUE."},"image":{"@id":"https:\/\/epilogue-bougie.com\/de\/#\/schema\/logo\/image\/"}}]},"product_price_amount":"39.00","product_price_currency":"EUR","og_availability":"instock","product_availability":"instock","product_retailer_item_id":"EP-BOUGIE-CHAI","product_condition":"new"},"jetpack_sharing_enabled":true,"_links":{"self":[{"href":"https:\/\/epilogue-bougie.com\/de\/wp-json\/wp\/v2\/product\/7146","targetHints":{"allow":["GET"]}}],"collection":[{"href":"https:\/\/epilogue-bougie.com\/de\/wp-json\/wp\/v2\/product"}],"about":[{"href":"https:\/\/epilogue-bougie.com\/de\/wp-json\/wp\/v2\/types\/product"}],"replies":[{"embeddable":true,"href":"https:\/\/epilogue-bougie.com\/de\/wp-json\/wp\/v2\/comments?post=7146"}],"wp:featuredmedia":[{"embeddable":true,"href":"https:\/\/epilogue-bougie.com\/de\/wp-json\/wp\/v2\/media\/9203"}],"wp:attachment":[{"href":"https:\/\/epilogue-bougie.com\/de\/wp-json\/wp\/v2\/media?parent=7146"}],"wp:term":[{"taxonomy":"product_cat","embeddable":true,"href":"https:\/\/epilogue-bougie.com\/de\/wp-json\/wp\/v2\/product_cat?post=7146"},{"taxonomy":"product_tag","embeddable":true,"href":"https:\/\/epilogue-bougie.com\/de\/wp-json\/wp\/v2\/product_tag?post=7146"}],"curies":[{"name":"wp","href":"https:\/\/api.w.org\/{rel}","templated":true}]}}